{"id":51083,"date":"2024-08-28T14:24:28","date_gmt":"2024-08-28T12:24:28","guid":{"rendered":"https:\/\/www.gseintegration.com\/webinars-2\/"},"modified":"2025-03-17T14:34:46","modified_gmt":"2025-03-17T13:34:46","slug":"webinars-2","status":"publish","type":"page","link":"https:\/\/www.gseintegration.com\/nl\/webinars-2\/","title":{"rendered":"Webinars"},"content":{"rendered":"\t\t<div data-elementor-type=\"wp-page\" data-elementor-id=\"51083\" class=\"elementor elementor-51083 elementor-51069\" data-elementor-post-type=\"page\">\n\t\t\t\t\t\t<section class=\"elementor-section elementor-top-section elementor-element elementor-element-2c9c15dd elementor-section-boxed elementor-section-height-default elementor-section-height-default\" data-id=\"2c9c15dd\" data-element_type=\"section\" data-e-type=\"section\">\n\t\t\t\t\t\t<div class=\"elementor-container elementor-column-gap-default\">\n\t\t\t\t\t<div class=\"elementor-column elementor-col-100 elementor-top-column elementor-element elementor-element-86be142\" data-id=\"86be142\" data-element_type=\"column\" data-e-type=\"column\">\n\t\t\t<div class=\"elementor-widget-wrap elementor-element-populated\">\n\t\t\t\t\t\t<div class=\"elementor-element elementor-element-6b2c171 elementor-widget elementor-widget-spacer\" data-id=\"6b2c171\" data-element_type=\"widget\" data-e-type=\"widget\" data-widget_type=\"spacer.default\">\n\t\t\t\t<div class=\"elementor-widget-container\">\n\t\t\t\t\t\t\t<div class=\"elementor-spacer\">\n\t\t\t<div class=\"elementor-spacer-inner\"><\/div>\n\t\t<\/div>\n\t\t\t\t\t\t<\/div>\n\t\t\t\t<\/div>\n\t\t\t\t<div class=\"elementor-element elementor-element-ab4fb86 elementor-widget elementor-widget-text-editor\" data-id=\"ab4fb86\" data-element_type=\"widget\" data-e-type=\"widget\" data-widget_type=\"text-editor.default\">\n\t\t\t\t<div class=\"elementor-widget-container\">\n\t\t\t\t\t\t\t\t\t<h4>Kom meer te weten over en schrijf u in voor onze volgende webinars op CONNECTOR, het platform speciaal voor installateurs.<\/h4>\t\t\t\t\t\t\t\t<\/div>\n\t\t\t\t<\/div>\n\t\t\t\t<div class=\"elementor-element elementor-element-b88db83 elementor-widget elementor-widget-spacer\" data-id=\"b88db83\" data-element_type=\"widget\" data-e-type=\"widget\" data-widget_type=\"spacer.default\">\n\t\t\t\t<div class=\"elementor-widget-container\">\n\t\t\t\t\t\t\t<div class=\"elementor-spacer\">\n\t\t\t<div class=\"elementor-spacer-inner\"><\/div>\n\t\t<\/div>\n\t\t\t\t\t\t<\/div>\n\t\t\t\t<\/div>\n\t\t\t\t<section class=\"elementor-section elementor-inner-section elementor-element elementor-element-7561e0a elementor-section-boxed elementor-section-height-default elementor-section-height-default\" data-id=\"7561e0a\" data-element_type=\"section\" data-e-type=\"section\">\n\t\t\t\t\t\t<div class=\"elementor-container elementor-column-gap-default\">\n\t\t\t\t\t<div class=\"elementor-column elementor-col-100 elementor-inner-column elementor-element elementor-element-f8021ff elementor-invisible\" data-id=\"f8021ff\" data-element_type=\"column\" data-e-type=\"column\" data-settings=\"{&quot;animation&quot;:&quot;fadeInUp&quot;}\">\n\t\t\t<div class=\"elementor-widget-wrap elementor-element-populated\">\n\t\t\t\t\t\t<div class=\"elementor-element elementor-element-db17c72 elementor-align-center elementor-widget elementor-widget-button\" data-id=\"db17c72\" data-element_type=\"widget\" data-e-type=\"widget\" data-widget_type=\"button.default\">\n\t\t\t\t<div class=\"elementor-widget-container\">\n\t\t\t\t\t\t\t\t\t<div class=\"elementor-button-wrapper\">\n\t\t\t\t\t<a class=\"elementor-button elementor-button-link elementor-size-sm\" href=\"https:\/\/connector-gseintegration.com\/dashboard\" target=\"_blank\">\n\t\t\t\t\t\t<span class=\"elementor-button-content-wrapper\">\n\t\t\t\t\t\t\t\t\t<span class=\"elementor-button-text\">CONNECTOR<\/span>\n\t\t\t\t\t<\/span>\n\t\t\t\t\t<\/a>\n\t\t\t\t<\/div>\n\t\t\t\t\t\t\t\t<\/div>\n\t\t\t\t<\/div>\n\t\t\t\t\t<\/div>\n\t\t<\/div>\n\t\t\t\t\t<\/div>\n\t\t<\/section>\n\t\t\t\t\t<\/div>\n\t\t<\/div>\n\t\t\t\t\t<\/div>\n\t\t<\/section>\n\t\t\t\t<\/div>\n\t\t","protected":false},"excerpt":{"rendered":"<p>Kom meer te weten over en schrijf u in voor onze volgende webinars op CONNECTOR, het platform speciaal voor installateurs. CONNECTOR<\/p>\n","protected":false},"author":4,"featured_media":0,"parent":0,"menu_order":0,"comment_status":"closed","ping_status":"closed","template":"","meta":{"footnotes":""},"class_list":["post-51083","page","type-page","status-publish","hentry"],"yoast_head":"<!-- This site is optimized with the Yoast SEO plugin v27.3 - https:\/\/yoast.com\/product\/yoast-seo-wordpress\/ -->\n<title>Webinars : Online trainingen GSE Int\u00e9gration<\/title>\n<meta name=\"description\" content=\"Webinars en online training over GSE-integratieproducten: GSE DAKSYSTEEM, GSE GRONDSYSTEEM...\" \/>\n<meta name=\"robots\" content=\"index, follow, max-snippet:-1, max-image-preview:large, max-video-preview:-1\" \/>\n<link rel=\"canonical\" href=\"https:\/\/www.gseintegration.com\/nl\/webinars-2\/\" \/>\n<meta property=\"og:locale\" content=\"nl_NL\" \/>\n<meta property=\"og:type\" content=\"article\" \/>\n<meta property=\"og:title\" content=\"Webinars : Online trainingen GSE Int\u00e9gration\" \/>\n<meta property=\"og:description\" content=\"Webinars en online training over GSE-integratieproducten: GSE DAKSYSTEEM, GSE GRONDSYSTEEM...\" \/>\n<meta property=\"og:url\" content=\"https:\/\/www.gseintegration.com\/nl\/webinars-2\/\" \/>\n<meta property=\"og:site_name\" content=\"GSE Int\u00e9gration\" \/>\n<meta property=\"article:modified_time\" content=\"2025-03-17T13:34:46+00:00\" \/>\n<meta name=\"twitter:card\" content=\"summary_large_image\" \/>\n<meta name=\"twitter:label1\" content=\"Geschatte leestijd\" \/>\n\t<meta name=\"twitter:data1\" content=\"1 minuut\" \/>\n<script type=\"application\/ld+json\" class=\"yoast-schema-graph\">{\"@context\":\"https:\\\/\\\/schema.org\",\"@graph\":[{\"@type\":\"WebPage\",\"@id\":\"https:\\\/\\\/www.gseintegration.com\\\/nl\\\/webinars-2\\\/\",\"url\":\"https:\\\/\\\/www.gseintegration.com\\\/nl\\\/webinars-2\\\/\",\"name\":\"Webinars : Online trainingen GSE Int\u00e9gration\",\"isPartOf\":{\"@id\":\"https:\\\/\\\/www.gseintegration.com\\\/en\\\/#website\"},\"datePublished\":\"2024-08-28T12:24:28+00:00\",\"dateModified\":\"2025-03-17T13:34:46+00:00\",\"description\":\"Webinars en online training over GSE-integratieproducten: GSE DAKSYSTEEM, GSE GRONDSYSTEEM...\",\"breadcrumb\":{\"@id\":\"https:\\\/\\\/www.gseintegration.com\\\/nl\\\/webinars-2\\\/#breadcrumb\"},\"inLanguage\":\"nl-NL\",\"potentialAction\":[{\"@type\":\"ReadAction\",\"target\":[\"https:\\\/\\\/www.gseintegration.com\\\/nl\\\/webinars-2\\\/\"]}]},{\"@type\":\"BreadcrumbList\",\"@id\":\"https:\\\/\\\/www.gseintegration.com\\\/nl\\\/webinars-2\\\/#breadcrumb\",\"itemListElement\":[{\"@type\":\"ListItem\",\"position\":1,\"name\":\"Accueil\",\"item\":\"https:\\\/\\\/www.gseintegration.com\\\/fr\\\/\"},{\"@type\":\"ListItem\",\"position\":2,\"name\":\"Webinars\"}]},{\"@type\":\"WebSite\",\"@id\":\"https:\\\/\\\/www.gseintegration.com\\\/en\\\/#website\",\"url\":\"https:\\\/\\\/www.gseintegration.com\\\/en\\\/\",\"name\":\"GSE Int\u00e9gration\",\"description\":\"Leader europ\u00e9en de syst\u00e8mes de montage en int\u00e9gration en toiture de panneaux solaires photovolta\u00efques\",\"publisher\":{\"@id\":\"https:\\\/\\\/www.gseintegration.com\\\/en\\\/#organization\"},\"potentialAction\":[{\"@type\":\"SearchAction\",\"target\":{\"@type\":\"EntryPoint\",\"urlTemplate\":\"https:\\\/\\\/www.gseintegration.com\\\/en\\\/?s={search_term_string}\"},\"query-input\":{\"@type\":\"PropertyValueSpecification\",\"valueRequired\":true,\"valueName\":\"search_term_string\"}}],\"inLanguage\":\"nl-NL\"},{\"@type\":\"Organization\",\"@id\":\"https:\\\/\\\/www.gseintegration.com\\\/en\\\/#organization\",\"name\":\"GSE Int\u00e9gration\",\"url\":\"https:\\\/\\\/www.gseintegration.com\\\/en\\\/\",\"logo\":{\"@type\":\"ImageObject\",\"inLanguage\":\"nl-NL\",\"@id\":\"https:\\\/\\\/www.gseintegration.com\\\/en\\\/#\\\/schema\\\/logo\\\/image\\\/\",\"url\":\"https:\\\/\\\/www.gseintegration.com\\\/wp-content\\\/uploads\\\/2021\\\/04\\\/GSE-INTEGRATION-1.png\",\"contentUrl\":\"https:\\\/\\\/www.gseintegration.com\\\/wp-content\\\/uploads\\\/2021\\\/04\\\/GSE-INTEGRATION-1.png\",\"width\":284,\"height\":80,\"caption\":\"GSE Int\u00e9gration\"},\"image\":{\"@id\":\"https:\\\/\\\/www.gseintegration.com\\\/en\\\/#\\\/schema\\\/logo\\\/image\\\/\"}}]}<\/script>\n<!-- \/ Yoast SEO plugin. -->","yoast_head_json":{"title":"Webinars : Online trainingen GSE Int\u00e9gration","description":"Webinars en online training over GSE-integratieproducten: GSE DAKSYSTEEM, GSE GRONDSYSTEEM...","robots":{"index":"index","follow":"follow","max-snippet":"max-snippet:-1","max-image-preview":"max-image-preview:large","max-video-preview":"max-video-preview:-1"},"canonical":"https:\/\/www.gseintegration.com\/nl\/webinars-2\/","og_locale":"nl_NL","og_type":"article","og_title":"Webinars : Online trainingen GSE Int\u00e9gration","og_description":"Webinars en online training over GSE-integratieproducten: GSE DAKSYSTEEM, GSE GRONDSYSTEEM...","og_url":"https:\/\/www.gseintegration.com\/nl\/webinars-2\/","og_site_name":"GSE Int\u00e9gration","article_modified_time":"2025-03-17T13:34:46+00:00","twitter_card":"summary_large_image","twitter_misc":{"Geschatte leestijd":"1 minuut"},"schema":{"@context":"https:\/\/schema.org","@graph":[{"@type":"WebPage","@id":"https:\/\/www.gseintegration.com\/nl\/webinars-2\/","url":"https:\/\/www.gseintegration.com\/nl\/webinars-2\/","name":"Webinars : Online trainingen GSE Int\u00e9gration","isPartOf":{"@id":"https:\/\/www.gseintegration.com\/en\/#website"},"datePublished":"2024-08-28T12:24:28+00:00","dateModified":"2025-03-17T13:34:46+00:00","description":"Webinars en online training over GSE-integratieproducten: GSE DAKSYSTEEM, GSE GRONDSYSTEEM...","breadcrumb":{"@id":"https:\/\/www.gseintegration.com\/nl\/webinars-2\/#breadcrumb"},"inLanguage":"nl-NL","potentialAction":[{"@type":"ReadAction","target":["https:\/\/www.gseintegration.com\/nl\/webinars-2\/"]}]},{"@type":"BreadcrumbList","@id":"https:\/\/www.gseintegration.com\/nl\/webinars-2\/#breadcrumb","itemListElement":[{"@type":"ListItem","position":1,"name":"Accueil","item":"https:\/\/www.gseintegration.com\/fr\/"},{"@type":"ListItem","position":2,"name":"Webinars"}]},{"@type":"WebSite","@id":"https:\/\/www.gseintegration.com\/en\/#website","url":"https:\/\/www.gseintegration.com\/en\/","name":"GSE Int\u00e9gration","description":"Leader europ\u00e9en de syst\u00e8mes de montage en int\u00e9gration en toiture de panneaux solaires photovolta\u00efques","publisher":{"@id":"https:\/\/www.gseintegration.com\/en\/#organization"},"potentialAction":[{"@type":"SearchAction","target":{"@type":"EntryPoint","urlTemplate":"https:\/\/www.gseintegration.com\/en\/?s={search_term_string}"},"query-input":{"@type":"PropertyValueSpecification","valueRequired":true,"valueName":"search_term_string"}}],"inLanguage":"nl-NL"},{"@type":"Organization","@id":"https:\/\/www.gseintegration.com\/en\/#organization","name":"GSE Int\u00e9gration","url":"https:\/\/www.gseintegration.com\/en\/","logo":{"@type":"ImageObject","inLanguage":"nl-NL","@id":"https:\/\/www.gseintegration.com\/en\/#\/schema\/logo\/image\/","url":"https:\/\/www.gseintegration.com\/wp-content\/uploads\/2021\/04\/GSE-INTEGRATION-1.png","contentUrl":"https:\/\/www.gseintegration.com\/wp-content\/uploads\/2021\/04\/GSE-INTEGRATION-1.png","width":284,"height":80,"caption":"GSE Int\u00e9gration"},"image":{"@id":"https:\/\/www.gseintegration.com\/en\/#\/schema\/logo\/image\/"}}]}},"_links":{"self":[{"href":"https:\/\/www.gseintegration.com\/nl\/wp-json\/wp\/v2\/pages\/51083","targetHints":{"allow":["GET"]}}],"collection":[{"href":"https:\/\/www.gseintegration.com\/nl\/wp-json\/wp\/v2\/pages"}],"about":[{"href":"https:\/\/www.gseintegration.com\/nl\/wp-json\/wp\/v2\/types\/page"}],"author":[{"embeddable":true,"href":"https:\/\/www.gseintegration.com\/nl\/wp-json\/wp\/v2\/users\/4"}],"replies":[{"embeddable":true,"href":"https:\/\/www.gseintegration.com\/nl\/wp-json\/wp\/v2\/comments?post=51083"}],"version-history":[{"count":7,"href":"https:\/\/www.gseintegration.com\/nl\/wp-json\/wp\/v2\/pages\/51083\/revisions"}],"predecessor-version":[{"id":51749,"href":"https:\/\/www.gseintegration.com\/nl\/wp-json\/wp\/v2\/pages\/51083\/revisions\/51749"}],"wp:attachment":[{"href":"https:\/\/www.gseintegration.com\/nl\/wp-json\/wp\/v2\/media?parent=51083"}],"curies":[{"name":"wp","href":"https:\/\/api.w.org\/{rel}","templated":true}]}}