{"id":51802,"date":"2025-03-26T17:46:41","date_gmt":"2025-03-26T16:46:41","guid":{"rendered":"https:\/\/www.gseintegration.com\/?page_id=51802"},"modified":"2025-11-10T12:47:20","modified_gmt":"2025-11-10T11:47:20","slug":"video","status":"publish","type":"page","link":"https:\/\/www.gseintegration.com\/fr\/video\/","title":{"rendered":"Vid\u00e9o"},"content":{"rendered":"\t\t<div data-elementor-type=\"wp-page\" data-elementor-id=\"51802\" class=\"elementor elementor-51802\" data-elementor-post-type=\"page\">\n\t\t\t\t\t\t<section class=\"elementor-section elementor-top-section elementor-element elementor-element-ff142e2 elementor-section-boxed elementor-section-height-default elementor-section-height-default\" data-id=\"ff142e2\" data-element_type=\"section\" data-e-type=\"section\">\n\t\t\t\t\t\t<div class=\"elementor-container elementor-column-gap-default\">\n\t\t\t\t\t<div class=\"elementor-column elementor-col-100 elementor-top-column elementor-element elementor-element-bc3bb3f\" data-id=\"bc3bb3f\" data-element_type=\"column\" data-e-type=\"column\">\n\t\t\t<div class=\"elementor-widget-wrap elementor-element-populated\">\n\t\t\t\t\t\t<div class=\"elementor-element elementor-element-f1fb21e elementor-widget elementor-widget-image\" data-id=\"f1fb21e\" data-element_type=\"widget\" data-e-type=\"widget\" data-widget_type=\"image.default\">\n\t\t\t\t<div class=\"elementor-widget-container\">\n\t\t\t\t\t\t\t\t\t\t\t\t\t\t\t<img decoding=\"async\" width=\"284\" height=\"80\" src=\"https:\/\/www.gseintegration.com\/wp-content\/uploads\/2023\/10\/GSE-INTEGRATION-1-new.png\" class=\"attachment-large size-large wp-image-48648\" alt=\"\" \/>\t\t\t\t\t\t\t\t\t\t\t\t\t\t\t<\/div>\n\t\t\t\t<\/div>\n\t\t\t\t\t<\/div>\n\t\t<\/div>\n\t\t\t\t\t<\/div>\n\t\t<\/section>\n\t\t\t\t<section class=\"elementor-section elementor-top-section elementor-element elementor-element-1fea018 elementor-section-boxed elementor-section-height-default elementor-section-height-default\" data-id=\"1fea018\" data-element_type=\"section\" data-e-type=\"section\">\n\t\t\t\t\t\t<div class=\"elementor-container elementor-column-gap-default\">\n\t\t\t\t\t<div class=\"elementor-column elementor-col-100 elementor-top-column elementor-element elementor-element-d8fb8f3\" data-id=\"d8fb8f3\" data-element_type=\"column\" data-e-type=\"column\">\n\t\t\t<div class=\"elementor-widget-wrap elementor-element-populated\">\n\t\t\t\t\t\t<div class=\"elementor-element elementor-element-85e0ee5 elementor-widget elementor-widget-video\" data-id=\"85e0ee5\" data-element_type=\"widget\" data-e-type=\"widget\" data-settings=\"{&quot;youtube_url&quot;:&quot;https:\\\/\\\/youtu.be\\\/yKLu_BIeAxg&quot;,&quot;video_type&quot;:&quot;youtube&quot;,&quot;controls&quot;:&quot;yes&quot;}\" data-widget_type=\"video.default\">\n\t\t\t\t<div class=\"elementor-widget-container\">\n\t\t\t\t\t\t\t<div class=\"elementor-wrapper elementor-open-inline\">\n\t\t\t<div class=\"elementor-video\"><\/div>\t\t<\/div>\n\t\t\t\t\t\t<\/div>\n\t\t\t\t<\/div>\n\t\t\t\t\t<\/div>\n\t\t<\/div>\n\t\t\t\t\t<\/div>\n\t\t<\/section>\n\t\t\t\t<section class=\"elementor-section elementor-top-section elementor-element elementor-element-e7f1c21 elementor-section-boxed elementor-section-height-default elementor-section-height-default\" data-id=\"e7f1c21\" data-element_type=\"section\" data-e-type=\"section\">\n\t\t\t\t\t\t<div class=\"elementor-container elementor-column-gap-default\">\n\t\t\t\t\t<div class=\"elementor-column elementor-col-100 elementor-top-column elementor-element elementor-element-7258001\" data-id=\"7258001\" data-element_type=\"column\" data-e-type=\"column\">\n\t\t\t<div class=\"elementor-widget-wrap elementor-element-populated\">\n\t\t\t\t\t\t<div class=\"elementor-element elementor-element-7281419 elementor-widget elementor-widget-heading\" data-id=\"7281419\" data-element_type=\"widget\" data-e-type=\"widget\" data-widget_type=\"heading.default\">\n\t\t\t\t<div class=\"elementor-widget-container\">\n\t\t\t\t\t<h2 class=\"elementor-heading-title elementor-size-default\">Semi-rigid flashing tutorial<\/h2>\t\t\t\t<\/div>\n\t\t\t\t<\/div>\n\t\t\t\t\t<\/div>\n\t\t<\/div>\n\t\t\t\t\t<\/div>\n\t\t<\/section>\n\t\t\t\t<\/div>\n\t\t","protected":false},"excerpt":{"rendered":"<p>Semi-rigid flashing tutorial<\/p>\n","protected":false},"author":1,"featured_media":0,"parent":0,"menu_order":0,"comment_status":"closed","ping_status":"closed","template":"elementor_canvas","meta":{"footnotes":""},"class_list":["post-51802","page","type-page","status-publish","hentry"],"yoast_head":"<!-- This site is optimized with the Yoast SEO plugin v27.3 - https:\/\/yoast.com\/product\/yoast-seo-wordpress\/ -->\n<title>Vid\u00e9o - GSE Int\u00e9gration<\/title>\n<meta name=\"robots\" content=\"index, follow, max-snippet:-1, max-image-preview:large, max-video-preview:-1\" \/>\n<link rel=\"canonical\" href=\"https:\/\/www.gseintegration.com\/fr\/video\/\" \/>\n<meta property=\"og:locale\" content=\"fr_FR\" \/>\n<meta property=\"og:type\" content=\"article\" \/>\n<meta property=\"og:title\" content=\"Vid\u00e9o - GSE Int\u00e9gration\" \/>\n<meta property=\"og:description\" content=\"Semi-rigid flashing tutorial\" \/>\n<meta property=\"og:url\" content=\"https:\/\/www.gseintegration.com\/fr\/video\/\" \/>\n<meta property=\"og:site_name\" content=\"GSE Int\u00e9gration\" \/>\n<meta property=\"article:modified_time\" content=\"2025-11-10T11:47:20+00:00\" \/>\n<meta property=\"og:image\" content=\"https:\/\/www.gseintegration.com\/wp-content\/uploads\/2023\/10\/GSE-INTEGRATION-1-new.png\" \/>\n\t<meta property=\"og:image:width\" content=\"284\" \/>\n\t<meta property=\"og:image:height\" content=\"80\" \/>\n\t<meta property=\"og:image:type\" content=\"image\/png\" \/>\n<meta name=\"twitter:card\" content=\"summary_large_image\" \/>\n<meta name=\"twitter:label1\" content=\"Dur\u00e9e de lecture estim\u00e9e\" \/>\n\t<meta name=\"twitter:data1\" content=\"1 minute\" \/>\n<script type=\"application\/ld+json\" class=\"yoast-schema-graph\">{\"@context\":\"https:\\\/\\\/schema.org\",\"@graph\":[{\"@type\":\"WebPage\",\"@id\":\"https:\\\/\\\/www.gseintegration.com\\\/fr\\\/video\\\/\",\"url\":\"https:\\\/\\\/www.gseintegration.com\\\/fr\\\/video\\\/\",\"name\":\"Vid\u00e9o - GSE Int\u00e9gration\",\"isPartOf\":{\"@id\":\"https:\\\/\\\/www.gseintegration.com\\\/en\\\/#website\"},\"primaryImageOfPage\":{\"@id\":\"https:\\\/\\\/www.gseintegration.com\\\/fr\\\/video\\\/#primaryimage\"},\"image\":{\"@id\":\"https:\\\/\\\/www.gseintegration.com\\\/fr\\\/video\\\/#primaryimage\"},\"thumbnailUrl\":\"https:\\\/\\\/www.gseintegration.com\\\/wp-content\\\/uploads\\\/2023\\\/10\\\/GSE-INTEGRATION-1-new.png\",\"datePublished\":\"2025-03-26T16:46:41+00:00\",\"dateModified\":\"2025-11-10T11:47:20+00:00\",\"breadcrumb\":{\"@id\":\"https:\\\/\\\/www.gseintegration.com\\\/fr\\\/video\\\/#breadcrumb\"},\"inLanguage\":\"fr-FR\",\"potentialAction\":[{\"@type\":\"ReadAction\",\"target\":[\"https:\\\/\\\/www.gseintegration.com\\\/fr\\\/video\\\/\"]}]},{\"@type\":\"ImageObject\",\"inLanguage\":\"fr-FR\",\"@id\":\"https:\\\/\\\/www.gseintegration.com\\\/fr\\\/video\\\/#primaryimage\",\"url\":\"https:\\\/\\\/www.gseintegration.com\\\/wp-content\\\/uploads\\\/2023\\\/10\\\/GSE-INTEGRATION-1-new.png\",\"contentUrl\":\"https:\\\/\\\/www.gseintegration.com\\\/wp-content\\\/uploads\\\/2023\\\/10\\\/GSE-INTEGRATION-1-new.png\"},{\"@type\":\"BreadcrumbList\",\"@id\":\"https:\\\/\\\/www.gseintegration.com\\\/fr\\\/video\\\/#breadcrumb\",\"itemListElement\":[{\"@type\":\"ListItem\",\"position\":1,\"name\":\"Accueil\",\"item\":\"https:\\\/\\\/www.gseintegration.com\\\/fr\\\/\"},{\"@type\":\"ListItem\",\"position\":2,\"name\":\"Vid\u00e9o\"}]},{\"@type\":\"WebSite\",\"@id\":\"https:\\\/\\\/www.gseintegration.com\\\/en\\\/#website\",\"url\":\"https:\\\/\\\/www.gseintegration.com\\\/en\\\/\",\"name\":\"GSE Int\u00e9gration\",\"description\":\"Leader europ\u00e9en de syst\u00e8mes de montage en int\u00e9gration en toiture de panneaux solaires photovolta\u00efques\",\"publisher\":{\"@id\":\"https:\\\/\\\/www.gseintegration.com\\\/en\\\/#organization\"},\"potentialAction\":[{\"@type\":\"SearchAction\",\"target\":{\"@type\":\"EntryPoint\",\"urlTemplate\":\"https:\\\/\\\/www.gseintegration.com\\\/en\\\/?s={search_term_string}\"},\"query-input\":{\"@type\":\"PropertyValueSpecification\",\"valueRequired\":true,\"valueName\":\"search_term_string\"}}],\"inLanguage\":\"fr-FR\"},{\"@type\":\"Organization\",\"@id\":\"https:\\\/\\\/www.gseintegration.com\\\/en\\\/#organization\",\"name\":\"GSE Int\u00e9gration\",\"url\":\"https:\\\/\\\/www.gseintegration.com\\\/en\\\/\",\"logo\":{\"@type\":\"ImageObject\",\"inLanguage\":\"fr-FR\",\"@id\":\"https:\\\/\\\/www.gseintegration.com\\\/en\\\/#\\\/schema\\\/logo\\\/image\\\/\",\"url\":\"https:\\\/\\\/www.gseintegration.com\\\/wp-content\\\/uploads\\\/2021\\\/04\\\/GSE-INTEGRATION-1.png\",\"contentUrl\":\"https:\\\/\\\/www.gseintegration.com\\\/wp-content\\\/uploads\\\/2021\\\/04\\\/GSE-INTEGRATION-1.png\",\"width\":284,\"height\":80,\"caption\":\"GSE Int\u00e9gration\"},\"image\":{\"@id\":\"https:\\\/\\\/www.gseintegration.com\\\/en\\\/#\\\/schema\\\/logo\\\/image\\\/\"}}]}<\/script>\n<!-- \/ Yoast SEO plugin. -->","yoast_head_json":{"title":"Vid\u00e9o - GSE Int\u00e9gration","robots":{"index":"index","follow":"follow","max-snippet":"max-snippet:-1","max-image-preview":"max-image-preview:large","max-video-preview":"max-video-preview:-1"},"canonical":"https:\/\/www.gseintegration.com\/fr\/video\/","og_locale":"fr_FR","og_type":"article","og_title":"Vid\u00e9o - GSE Int\u00e9gration","og_description":"Semi-rigid flashing tutorial","og_url":"https:\/\/www.gseintegration.com\/fr\/video\/","og_site_name":"GSE Int\u00e9gration","article_modified_time":"2025-11-10T11:47:20+00:00","og_image":[{"width":284,"height":80,"url":"https:\/\/www.gseintegration.com\/wp-content\/uploads\/2023\/10\/GSE-INTEGRATION-1-new.png","type":"image\/png"}],"twitter_card":"summary_large_image","twitter_misc":{"Dur\u00e9e de lecture estim\u00e9e":"1 minute"},"schema":{"@context":"https:\/\/schema.org","@graph":[{"@type":"WebPage","@id":"https:\/\/www.gseintegration.com\/fr\/video\/","url":"https:\/\/www.gseintegration.com\/fr\/video\/","name":"Vid\u00e9o - GSE Int\u00e9gration","isPartOf":{"@id":"https:\/\/www.gseintegration.com\/en\/#website"},"primaryImageOfPage":{"@id":"https:\/\/www.gseintegration.com\/fr\/video\/#primaryimage"},"image":{"@id":"https:\/\/www.gseintegration.com\/fr\/video\/#primaryimage"},"thumbnailUrl":"https:\/\/www.gseintegration.com\/wp-content\/uploads\/2023\/10\/GSE-INTEGRATION-1-new.png","datePublished":"2025-03-26T16:46:41+00:00","dateModified":"2025-11-10T11:47:20+00:00","breadcrumb":{"@id":"https:\/\/www.gseintegration.com\/fr\/video\/#breadcrumb"},"inLanguage":"fr-FR","potentialAction":[{"@type":"ReadAction","target":["https:\/\/www.gseintegration.com\/fr\/video\/"]}]},{"@type":"ImageObject","inLanguage":"fr-FR","@id":"https:\/\/www.gseintegration.com\/fr\/video\/#primaryimage","url":"https:\/\/www.gseintegration.com\/wp-content\/uploads\/2023\/10\/GSE-INTEGRATION-1-new.png","contentUrl":"https:\/\/www.gseintegration.com\/wp-content\/uploads\/2023\/10\/GSE-INTEGRATION-1-new.png"},{"@type":"BreadcrumbList","@id":"https:\/\/www.gseintegration.com\/fr\/video\/#breadcrumb","itemListElement":[{"@type":"ListItem","position":1,"name":"Accueil","item":"https:\/\/www.gseintegration.com\/fr\/"},{"@type":"ListItem","position":2,"name":"Vid\u00e9o"}]},{"@type":"WebSite","@id":"https:\/\/www.gseintegration.com\/en\/#website","url":"https:\/\/www.gseintegration.com\/en\/","name":"GSE Int\u00e9gration","description":"Leader europ\u00e9en de syst\u00e8mes de montage en int\u00e9gration en toiture de panneaux solaires photovolta\u00efques","publisher":{"@id":"https:\/\/www.gseintegration.com\/en\/#organization"},"potentialAction":[{"@type":"SearchAction","target":{"@type":"EntryPoint","urlTemplate":"https:\/\/www.gseintegration.com\/en\/?s={search_term_string}"},"query-input":{"@type":"PropertyValueSpecification","valueRequired":true,"valueName":"search_term_string"}}],"inLanguage":"fr-FR"},{"@type":"Organization","@id":"https:\/\/www.gseintegration.com\/en\/#organization","name":"GSE Int\u00e9gration","url":"https:\/\/www.gseintegration.com\/en\/","logo":{"@type":"ImageObject","inLanguage":"fr-FR","@id":"https:\/\/www.gseintegration.com\/en\/#\/schema\/logo\/image\/","url":"https:\/\/www.gseintegration.com\/wp-content\/uploads\/2021\/04\/GSE-INTEGRATION-1.png","contentUrl":"https:\/\/www.gseintegration.com\/wp-content\/uploads\/2021\/04\/GSE-INTEGRATION-1.png","width":284,"height":80,"caption":"GSE Int\u00e9gration"},"image":{"@id":"https:\/\/www.gseintegration.com\/en\/#\/schema\/logo\/image\/"}}]}},"_links":{"self":[{"href":"https:\/\/www.gseintegration.com\/fr\/wp-json\/wp\/v2\/pages\/51802","targetHints":{"allow":["GET"]}}],"collection":[{"href":"https:\/\/www.gseintegration.com\/fr\/wp-json\/wp\/v2\/pages"}],"about":[{"href":"https:\/\/www.gseintegration.com\/fr\/wp-json\/wp\/v2\/types\/page"}],"author":[{"embeddable":true,"href":"https:\/\/www.gseintegration.com\/fr\/wp-json\/wp\/v2\/users\/1"}],"replies":[{"embeddable":true,"href":"https:\/\/www.gseintegration.com\/fr\/wp-json\/wp\/v2\/comments?post=51802"}],"version-history":[{"count":13,"href":"https:\/\/www.gseintegration.com\/fr\/wp-json\/wp\/v2\/pages\/51802\/revisions"}],"predecessor-version":[{"id":52247,"href":"https:\/\/www.gseintegration.com\/fr\/wp-json\/wp\/v2\/pages\/51802\/revisions\/52247"}],"wp:attachment":[{"href":"https:\/\/www.gseintegration.com\/fr\/wp-json\/wp\/v2\/media?parent=51802"}],"curies":[{"name":"wp","href":"https:\/\/api.w.org\/{rel}","templated":true}]}}