{"id":38457,"date":"2021-07-16T15:58:50","date_gmt":"2021-07-16T13:58:50","guid":{"rendered":"https:\/\/www.gseintegration.com\/?page_id=38457"},"modified":"2021-08-04T09:46:08","modified_gmt":"2021-08-04T07:46:08","slug":"mentions-legales","status":"publish","type":"page","link":"https:\/\/www.gseintegration.com\/fr\/mentions-legales\/","title":{"rendered":"Mentions l\u00e9gales"},"content":{"rendered":"\t\t<div data-elementor-type=\"wp-page\" data-elementor-id=\"38457\" class=\"elementor elementor-38457\" data-elementor-post-type=\"page\">\n\t\t\t\t\t\t<section class=\"elementor-section elementor-top-section elementor-element elementor-element-6fd000db elementor-section-boxed elementor-section-height-default elementor-section-height-default\" data-id=\"6fd000db\" data-element_type=\"section\" data-e-type=\"section\">\n\t\t\t\t\t\t<div class=\"elementor-container elementor-column-gap-default\">\n\t\t\t\t\t<div class=\"elementor-column elementor-col-100 elementor-top-column elementor-element elementor-element-53f56843\" data-id=\"53f56843\" data-element_type=\"column\" data-e-type=\"column\">\n\t\t\t<div class=\"elementor-widget-wrap elementor-element-populated\">\n\t\t\t\t\t\t<div class=\"elementor-element elementor-element-24531d70 elementor-widget elementor-widget-text-editor\" data-id=\"24531d70\" data-element_type=\"widget\" data-e-type=\"widget\" data-widget_type=\"text-editor.default\">\n\t\t\t\t<div class=\"elementor-widget-container\">\n\t\t\t\t\t\t\t\t\t<h1>Mentions l\u00e9gales<\/h1>\n<p>La poursuite de la navigation sur ce site vaut acceptation sans r\u00e9serve des dispositions et conditions d\u2019utilisation qui suivent. La version actuellement en ligne de ces conditions d\u2019utilisation est la seule opposable pendant toute la dur\u00e9e d\u2019utilisation du site et jusqu\u2019\u00e0 ce qu\u2019une nouvelle version la remplace.<\/p>\n<p><strong>Articles 1 \u2013 Mentions l\u00e9gales<\/strong><\/p>\n<ul>\n<li><u>Site (ci-apr\u00e8s \u00ab&nbsp;le site&nbsp;\u00bb)&nbsp;:<\/u><\/li>\n<\/ul>\n<p>GSE Int\u00e9gration<\/p>\n<ul>\n<li><u>Editeur (ci-apr\u00e8s \u00ab&nbsp;l\u2019\u00e9diteur&nbsp;\u00bb)&nbsp;:<\/u><\/li>\n<\/ul>\n<p>La soci\u00e9t\u00e9 GSE Int\u00e9gration, Soci\u00e9t\u00e9 par Actions Simplifi\u00e9e, au capital social de 330 200,00 \u20ac euros ayant son si\u00e8ge social 5-9 rue Morand \u00e0 Saint Ouen (93400), immatricul\u00e9e au Registre du Commerce et des Soci\u00e9t\u00e9s de Bobigny sous le num\u00e9ro 508 676&nbsp;053.<\/p>\n<ul>\n<li><u>H\u00e9bergeur (ci-apr\u00e8s \u00ab&nbsp;l\u2019h\u00e9bergeur&nbsp;\u00bb)&nbsp;:<\/u><\/li>\n<\/ul>\n<p>GSE Int\u00e9gration est h\u00e9berg\u00e9 par OVH, dont le si\u00e8ge social est situ\u00e9 :&nbsp;2 rue Kellermann &#8211; 59100 Roubaix &#8211; France<\/p>\n<p><strong>Article 2 \u2013 Contenu du site<\/strong><\/p>\n<p>Toutes les marques, photographies, textes, commentaires, illustrations, images anim\u00e9es ou non, s\u00e9quences vid\u00e9o, sons, ainsi que toutes les applications informatiques qui pourraient \u00eatre utilis\u00e9es pour faire fonctionner ce site et plus g\u00e9n\u00e9ralement tous les \u00e9l\u00e9ments reproduits ou utilis\u00e9s sur le site sont prot\u00e9g\u00e9s par les lois en vigueur au titre de la propri\u00e9t\u00e9 intellectuelle.<\/p>\n<p>Ils sont la propri\u00e9t\u00e9s pleine et enti\u00e8re de l\u2019\u00e9diteur ou de ses partenaires. Toute reproduction, repr\u00e9sentation, utilisation ou adaptation, sous quelque forme que ce soit, de tout ou partie de ces \u00e9l\u00e9ments, y compris les applications informatiques, sans l\u2019accord pr\u00e9alable et \u00e9crit de l\u2019\u00e9diteur, sont strictement interdites. Le fait pour l\u2019\u00e9diteur de ne pas engager de proc\u00e9dure d\u00e8s la prise e connaissance de ces utilisations non autoris\u00e9es ne vaut pas acceptation desdites utilisations et renonciations aux poursuites.<\/p>\n<p><strong>Article 3&nbsp;&#8211; Gestion du site<\/strong><\/p>\n<p>Pour la bonne gestion du site, l\u2019\u00e9diteur pourra \u00e0 tout moment&nbsp;:<\/p>\n<ul>\n<li>suspendre, interrompre ou limiter l\u2019acc\u00e8s \u00e0 tout ou partie du site, r\u00e9server l\u2019acc\u00e8s au site, ou \u00e0 certaines parties du site, \u00e0 une cat\u00e9gorie d\u00e9termin\u00e9e d\u2019internautes&nbsp;;<\/li>\n<li>supprimer toute information pouvant en perturber le fonctionnement ou entrant en contravention avec les lois nationales ou internationales&nbsp;;<\/li>\n<li>suspendre le site \u00e0 des fin de proc\u00e9der \u00e0 des mises \u00e0 jour.<\/li>\n<\/ul>\n<p><strong>Articles 4 &#8211; Responsabilit\u00e9s<\/strong><\/p>\n<p>La responsabilit\u00e9 de l\u2019\u00e9diteur ne peut \u00eatre engag\u00e9e en cas de d\u00e9faillance, panne, difficult\u00e9 ou interruption de fonctionnement, emp\u00eachant l\u2019acc\u00e8s au site ou \u00e0 une de ses fonctionnalit\u00e9s.<\/p>\n<p>Le mat\u00e9riel de connexion au site que vous utilisez est sous votre enti\u00e8re responsabilit\u00e9. Vous devez prendre toutes les mesures appropri\u00e9es pour prot\u00e9ger votre mat\u00e9riel et vos propres donn\u00e9es notamment d\u2019attaques virales par Internet. Vous \u00eatre par ailleurs seul responsable des sites et donn\u00e9es que vous consultez.<\/p>\n<p>L\u2019\u00e9diteur ne pourra \u00eatre tenu responsable en cas de poursuites judiciaires \u00e0 votre encontre&nbsp;:<\/p>\n<ul>\n<li>du fait de l\u2019usage du site ou de tout service accessible via Internet&nbsp;;<\/li>\n<li>du fait du non-respect par vous des pr\u00e9sentes conditions g\u00e9n\u00e9rales.<\/li>\n<\/ul>\n<p>L\u2019\u00e9diteur n\u2019est pas responsable des dommages caus\u00e9s \u00e0 vous-m\u00eame, \u00e0 des tiers et\/ou \u00e0 votre \u00e9quipement du fait de votre connexion ou de votre utilisation du site et vous renoncez \u00e0 toute action contre lui de ce fait.<\/p>\n<p>Si l\u2019\u00e9diteur venait \u00e0 faire l\u2019objet d\u2019une proc\u00e9dure amiable ou judiciaire en raison de votre utilisation du site, il pourra se retourner contre vous pour obtenir l\u2019indemnisation de tous les pr\u00e9judices, sommes, condamnations et frais qui pourraient d\u00e9couler de cette proc\u00e9dure.<\/p>\n<p><strong>Article 5 \u2013 Liens hypertextes<\/strong><\/p>\n<p>La mise en place par les utilisateurs de tous liens hypertextes vers tout ou partie du site est autoris\u00e9e par l\u2019\u00e9diteur. Tout lien devra \u00eatre retir\u00e9 sur simple demande de l\u2019\u00e9diteur.<\/p>\n<p>Toute information accessible via un lien vers d\u2019autres sites n\u2019est pas publi\u00e9e par l\u2019\u00e9diteur. L\u2019\u00e9diteur ne dispose d\u2019aucun droit sur le contenu pr\u00e9sent dans ledit lien.<\/p>\n<p><strong>Article 6 \u2013 Collecte et protection des donn\u00e9es<\/strong><\/p>\n<p>Vos donn\u00e9es sont collect\u00e9es par la soci\u00e9t\u00e9 GSE Int\u00e9gration. Une donn\u00e9e \u00e0 caract\u00e8re personnel d\u00e9signe toute information concernant une personnes physique identifi\u00e9e ou identifiable (personne concern\u00e9e)&nbsp;; est r\u00e9put\u00e9e identifiable une personne qui peut \u00eatre identifi\u00e9e, directement ou indirectement, notamment par r\u00e9f\u00e9rence \u00e0 un nom, un num\u00e9ro d\u2019identification ou \u00e0 un ou plusieurs \u00e9l\u00e9ments sp\u00e9cifiques, propres \u00e0 son identit\u00e9 physique, physiologique, g\u00e9n\u00e9tique, psychique, \u00e9conomique, culturelle ou sociale.<\/p>\n<p>Les informations personnelles peuvent \u00eatre recueillies sur le site sont principalement utilis\u00e9es par l\u2019\u00e9diteur pour la gestion des relations avec vous, et le cas \u00e9ch\u00e9ant pour le traitement de vos commandes.<\/p>\n<p>Les donnes personnelles collect\u00e9es sont les suivantes&nbsp;:<\/p>\n<ul>\n<li>nom et pr\u00e9nom<\/li>\n<li>adresse mail<\/li>\n<li>num\u00e9ro de t\u00e9l\u00e9phone<\/li>\n<\/ul>\n<p><strong>Article 7 \u2013 Droit d\u2019acc\u00e8s, de rectification et de d\u00e9r\u00e9f\u00e9rencement de vos donn\u00e9es<\/strong><\/p>\n<p>En application de la r\u00e9glementation applicable aux donn\u00e9es \u00e0 caract\u00e8re personnel, les utilisateurs disposent des droits suivants&nbsp;:<\/p>\n<ul>\n<li>le droit d\u2019acc\u00e8s&nbsp;: ils peuvent exercer leur droit d\u2019acc\u00e8s, pour conna\u00eetre les donn\u00e9es personnelles les concernant, en \u00e9crivant \u00e0 l\u2019adresse \u00e9lectronique ci-dessous mentionn\u00e9e. Dans ce cas, avant la mise en \u0153uvre de ce droit, la Plateforme peut demander une preuve de l\u2019identit\u00e9 de l\u2019utilisateur afin d\u2019en v\u00e9rifier l\u2019exactitude&nbsp;;<\/li>\n<li>le droit de rectification&nbsp;: si les donn\u00e9es \u00e0 caract\u00e8re personnel d\u00e9tenues par la Plateforme sont inexactes, ils peuvent demander la mise \u00e0 jour des informations&nbsp;;<\/li>\n<li>le droit de suppression des donn\u00e9es&nbsp;: les utilisateurs peuvent demander la suppression de leurs donn\u00e9es \u00e0 caract\u00e8re personnel, conform\u00e9ment aux lois applicables en mati\u00e8re de protection des donn\u00e9es&nbsp;;<\/li>\n<li>le droit \u00e0 la limitation du traitement&nbsp;: les utilisateurs peuvent demander \u00e0 la Plateforme de limiter le traitement des donn\u00e9es personnelles conform\u00e9ment aux hypoth\u00e8ses pr\u00e9vues par le RGPD&nbsp;;<\/li>\n<li>le droit de s\u2019opposer au traitement des donn\u00e9es&nbsp;: les utilisateurs peuvent s\u2019opposer \u00e0 ce que leurs donn\u00e9es soient trait\u00e9es conform\u00e9ment aux hypoth\u00e8ses pr\u00e9vues par le RGPD&nbsp;;<\/li>\n<li>le droit \u00e0 la portabilit\u00e9&nbsp;: ils peuvent r\u00e9clamer que la Plateforme leur remette les donn\u00e9es personnelles qu\u2019ils ont fournies pour les transmettre \u00e0 une nouvelle Plateforme.<\/li>\n<\/ul>\n<p>Vous pouvez exercer ce droit en nous contactant \u00e0 l\u2019adresse suivante&nbsp;: <a href=\"mailto:contact@gseintegration.fr\">contact@gseintegration.fr<\/a><\/p>\n<p>Toute demande doit \u00eatre accompagn\u00e9e de la photocopie d\u2019un titre d\u2019identit\u00e9 en cours de validit\u00e9 sign\u00e9 et faire mention de l\u2019adresse \u00e0 laquelle l\u2019\u00e9diteur pourra contacter le demandeur. La r\u00e9ponse sera adress\u00e9e dans le mois suivant la r\u00e9ception de la demande. Ce d\u00e9lai d\u2019un mois peut \u00eatre prolong\u00e9 de deux mois si la complexit\u00e9 de la demande et\/ou le nombre de demandes l\u2019exigent.<\/p>\n<p>Nous vous recommandons de nous contacter dans un premier temps avant de d\u00e9poser une r\u00e9clamation aupr\u00e8s de la CNIL, car nous sommes \u00e0 votre enti\u00e8re disposition pour r\u00e9gler votre probl\u00e8me.<\/p>\n<p><strong>Article 8 \u2013 Utilisations des donn\u00e9es<\/strong><\/p>\n<p>Les donn\u00e9es personnelles collect\u00e9es aupr\u00e8s des utilisateurs ont pour objectif la mise \u00e0 disposition des services de la Plateforme, leur am\u00e9lioration et le maintien d\u2019un environnement s\u00e9curis\u00e9. La base l\u00e9gale des traitements est l\u2019ex\u00e9cution du contrat entre l\u2019utilisation et la Plateforme. Plus pr\u00e9cis\u00e9ment, les utilisations sont les suivantes&nbsp;:<\/p>\n<ul>\n<li>acc\u00e8s et utilisation de la Plateforme par l\u2019utilisateur&nbsp;;<\/li>\n<li>gestion du fonctionnement et optimisation de la Plateforme&nbsp;;<\/li>\n<li>mise en \u0153uvre d\u2019une assistance utilisateurs&nbsp;;<\/li>\n<li>v\u00e9rification, identification et authentification des donn\u00e9es transmises par l\u2019utilisateur&nbsp;;<\/li>\n<li>personnalisation des services en affichant des publicit\u00e9s en fonction de l\u2019historique de navigation de l\u2019utilisateur, selon ses pr\u00e9f\u00e9rences&nbsp;;<\/li>\n<li>pr\u00e9vention et d\u00e9tection des fraudes, malwares et gestion des incidents de s\u00e9curit\u00e9&nbsp;;<\/li>\n<li>gestion des \u00e9ventuels litiges avec les utilisateurs&nbsp;;<\/li>\n<li>envoi d\u2019informations commerciales et publicitaires, en fonction des pr\u00e9f\u00e9rences de l\u2019utilisateurs.<\/li>\n<\/ul>\n<p><strong>Article 9 \u2013 Politique de conservation des donn\u00e9es<\/strong><\/p>\n<p>La Plateforme conserve vos donn\u00e9es pour la dur\u00e9e n\u00e9cessaire pour vous fournir ses services ou son assistance.<\/p>\n<p>Dans la mesure raisonnablement n\u00e9cessaire ou requise pour satisfaire aux obligations l\u00e9gales ou r\u00e9glementaires, r\u00e9gler des litiges, emp\u00eacher les fraudes et abus ou appliquer nos modalit\u00e9s et conditions, nous pouvons \u00e9galement conserver certaines de vos informations si n\u00e9cessaire, m\u00eame apr\u00e8s que nous n\u2019ayons plus besoin pour vous fournir nos services.<\/p>\n<p><strong>Article 10 \u2013 Partage des donn\u00e9es personnelles avec des tiers<\/strong><\/p>\n<p>Les donn\u00e9es personnelles peuvent \u00eatre partag\u00e9es avec des soci\u00e9t\u00e9s tierces exclusivement dans l\u2019Union Europ\u00e9enne, dans les cas suivants&nbsp;:<\/p>\n<ul>\n<li>lorsque l\u2019utilisateur publie, dans les zones de commentaires libres de la Plateforme, des informations accessibles au public&nbsp;;<\/li>\n<li>quand l\u2019utilisateurs autorise le site web d\u2019un tiers \u00e0 acc\u00e9der \u00e0 ses donn\u00e9es&nbsp;;<\/li>\n<li>quand la Plateforme recourt aux services de prestataires pour fournir l\u2019assistance utilisateurs, la publicit\u00e9 et les services de paiement. Ces prestataires disposent d\u2019un acc\u00e8s limit\u00e9 aux donn\u00e9es de l\u2019utilisateur, dans le cadre de l\u2019ex\u00e9cution de ces prestation, et ont l\u2019obligation contractuelle de les utiliser en conformit\u00e9 avec les dispositions de la r\u00e9glementation applicable en mati\u00e8re protection des donn\u00e9es \u00e0 caract\u00e8re personnel&nbsp;;<\/li>\n<li>si la loi l\u2019exige, la Plateforme peut effectuer la transmission de donn\u00e9es pour donner suite aux r\u00e9clamations pr\u00e9sent\u00e9es contre la Plateforme et se conformer aux proc\u00e9dures administrative et judiciaires.<\/li>\n<\/ul>\n<p><strong>Article 11 \u2013 Cookies<\/strong><\/p>\n<p>Le cas \u00e9ch\u00e9ant, des \u00ab&nbsp;cookies&nbsp;\u00bb \u00e9manant de l\u2019\u00e9diteur du site et\/ou des soci\u00e9t\u00e9s tiers pourront \u00eatre d\u00e9pos\u00e9s sur votre terminal, avec votre accord. Dans ce cas, lors de la premi\u00e8re navigation sur ce site, une banni\u00e8re explicative sur l\u2019utilisation des \u00ab&nbsp;cookies&nbsp;\u00bb appara\u00eetra. Avant de poursuivre la navigation, le client et\/ou le prospect devra accepter ou refuser l\u2019utilisation desdits \u00ab&nbsp;cookies&nbsp;\u00bb. le consentement donn\u00e9 sera valable pour une p\u00e9riode de treize moi. L\u2019utilisateur \u00e0 la possibilit\u00e9 de les d\u00e9sactiver \u00e0 tout moment.<\/p>\n<p><strong>Article 12 \u2013 Photographies et repr\u00e9sentation des produits<\/strong><\/p>\n<p>Les photographies de produits accompagnant leur description, ne sont pas contractuelles et n\u2019engagent pas l\u2019\u00e9diteur.<\/p>\n<p><strong>Article 13 \u2013 Loi applicable<\/strong><\/p>\n<p>Les pr\u00e9sentes conditions d\u2019utilisation du site sont r\u00e9gies par la loi fran\u00e7aise et soumises \u00e0 la comp\u00e9tence des tribunaux du si\u00e8ge social de l\u2019\u00e9diteur, sous r\u00e9serve d\u2019une attribution de comp\u00e9tence sp\u00e9cifique d\u00e9coulant d\u2019un texte de loi ou r\u00e9glementaire particulier.<\/p>\n<p><strong>Article 14 \u2013 Contactez-nous<\/strong><\/p>\n<p>Pour toute question, information sur les produits pr\u00e9sent\u00e9s sur le site, ou concernant le site lui-m\u00eame, vous pouvez laisser un message \u00e0 l\u2019adresse suivante&nbsp;: <a href=\"mailto:contact@gseintegration.fr\">contact@gseintegration.f<\/a><\/p>\t\t\t\t\t\t\t\t<\/div>\n\t\t\t\t<\/div>\n\t\t\t\t\t<\/div>\n\t\t<\/div>\n\t\t\t\t\t<\/div>\n\t\t<\/section>\n\t\t\t\t<\/div>\n\t\t","protected":false},"excerpt":{"rendered":"<p>Mentions l\u00e9gales La poursuite de la navigation sur ce site vaut acceptation sans r\u00e9serve des dispositions et conditions d\u2019utilisation qui suivent. La version actuellement en ligne de ces conditions d\u2019utilisation est la seule opposable pendant toute la dur\u00e9e d\u2019utilisation du site et jusqu\u2019\u00e0 ce qu\u2019une nouvelle version la remplace. Articles 1 \u2013 Mentions l\u00e9gales Site&hellip;<\/p>\n","protected":false},"author":1,"featured_media":0,"parent":0,"menu_order":50,"comment_status":"closed","ping_status":"closed","template":"","meta":{"footnotes":""},"class_list":["post-38457","page","type-page","status-publish","hentry"],"yoast_head":"<!-- This site is optimized with the Yoast SEO plugin v27.3 - https:\/\/yoast.com\/product\/yoast-seo-wordpress\/ -->\n<title>Mentions l\u00e9gales - GSE Int\u00e9gration<\/title>\n<meta name=\"description\" content=\"Mentions l\u00e9gales de GSE Int\u00e9gration pour le site gseintegration.com : syst\u00e8mes de fixation de panneaux photovolta\u00efques\" \/>\n<meta name=\"robots\" content=\"index, follow, max-snippet:-1, max-image-preview:large, max-video-preview:-1\" \/>\n<link rel=\"canonical\" href=\"https:\/\/www.gseintegration.com\/fr\/mentions-legales\/\" \/>\n<meta property=\"og:locale\" content=\"fr_FR\" \/>\n<meta property=\"og:type\" content=\"article\" \/>\n<meta property=\"og:title\" content=\"Mentions l\u00e9gales - GSE Int\u00e9gration\" \/>\n<meta property=\"og:description\" content=\"Mentions l\u00e9gales de GSE Int\u00e9gration pour le site gseintegration.com : syst\u00e8mes de fixation de panneaux photovolta\u00efques\" \/>\n<meta property=\"og:url\" content=\"https:\/\/www.gseintegration.com\/fr\/mentions-legales\/\" \/>\n<meta property=\"og:site_name\" content=\"GSE Int\u00e9gration\" \/>\n<meta property=\"article:modified_time\" content=\"2021-08-04T07:46:08+00:00\" \/>\n<meta name=\"twitter:card\" content=\"summary_large_image\" \/>\n<meta name=\"twitter:label1\" content=\"Dur\u00e9e de lecture estim\u00e9e\" \/>\n\t<meta name=\"twitter:data1\" content=\"7 minutes\" \/>\n<script type=\"application\/ld+json\" class=\"yoast-schema-graph\">{\"@context\":\"https:\\\/\\\/schema.org\",\"@graph\":[{\"@type\":\"WebPage\",\"@id\":\"https:\\\/\\\/www.gseintegration.com\\\/fr\\\/mentions-legales\\\/\",\"url\":\"https:\\\/\\\/www.gseintegration.com\\\/fr\\\/mentions-legales\\\/\",\"name\":\"Mentions l\u00e9gales - GSE Int\u00e9gration\",\"isPartOf\":{\"@id\":\"https:\\\/\\\/www.gseintegration.com\\\/en\\\/#website\"},\"datePublished\":\"2021-07-16T13:58:50+00:00\",\"dateModified\":\"2021-08-04T07:46:08+00:00\",\"description\":\"Mentions l\u00e9gales de GSE Int\u00e9gration pour le site gseintegration.com : syst\u00e8mes de fixation de panneaux photovolta\u00efques\",\"breadcrumb\":{\"@id\":\"https:\\\/\\\/www.gseintegration.com\\\/fr\\\/mentions-legales\\\/#breadcrumb\"},\"inLanguage\":\"fr-FR\",\"potentialAction\":[{\"@type\":\"ReadAction\",\"target\":[\"https:\\\/\\\/www.gseintegration.com\\\/fr\\\/mentions-legales\\\/\"]}]},{\"@type\":\"BreadcrumbList\",\"@id\":\"https:\\\/\\\/www.gseintegration.com\\\/fr\\\/mentions-legales\\\/#breadcrumb\",\"itemListElement\":[{\"@type\":\"ListItem\",\"position\":1,\"name\":\"Accueil\",\"item\":\"https:\\\/\\\/www.gseintegration.com\\\/fr\\\/\"},{\"@type\":\"ListItem\",\"position\":2,\"name\":\"Mentions l\u00e9gales\"}]},{\"@type\":\"WebSite\",\"@id\":\"https:\\\/\\\/www.gseintegration.com\\\/en\\\/#website\",\"url\":\"https:\\\/\\\/www.gseintegration.com\\\/en\\\/\",\"name\":\"GSE Int\u00e9gration\",\"description\":\"Leader europ\u00e9en de syst\u00e8mes de montage en int\u00e9gration en toiture de panneaux solaires photovolta\u00efques\",\"publisher\":{\"@id\":\"https:\\\/\\\/www.gseintegration.com\\\/en\\\/#organization\"},\"potentialAction\":[{\"@type\":\"SearchAction\",\"target\":{\"@type\":\"EntryPoint\",\"urlTemplate\":\"https:\\\/\\\/www.gseintegration.com\\\/en\\\/?s={search_term_string}\"},\"query-input\":{\"@type\":\"PropertyValueSpecification\",\"valueRequired\":true,\"valueName\":\"search_term_string\"}}],\"inLanguage\":\"fr-FR\"},{\"@type\":\"Organization\",\"@id\":\"https:\\\/\\\/www.gseintegration.com\\\/en\\\/#organization\",\"name\":\"GSE Int\u00e9gration\",\"url\":\"https:\\\/\\\/www.gseintegration.com\\\/en\\\/\",\"logo\":{\"@type\":\"ImageObject\",\"inLanguage\":\"fr-FR\",\"@id\":\"https:\\\/\\\/www.gseintegration.com\\\/en\\\/#\\\/schema\\\/logo\\\/image\\\/\",\"url\":\"https:\\\/\\\/www.gseintegration.com\\\/wp-content\\\/uploads\\\/2021\\\/04\\\/GSE-INTEGRATION-1.png\",\"contentUrl\":\"https:\\\/\\\/www.gseintegration.com\\\/wp-content\\\/uploads\\\/2021\\\/04\\\/GSE-INTEGRATION-1.png\",\"width\":284,\"height\":80,\"caption\":\"GSE Int\u00e9gration\"},\"image\":{\"@id\":\"https:\\\/\\\/www.gseintegration.com\\\/en\\\/#\\\/schema\\\/logo\\\/image\\\/\"}}]}<\/script>\n<!-- \/ Yoast SEO plugin. -->","yoast_head_json":{"title":"Mentions l\u00e9gales - GSE Int\u00e9gration","description":"Mentions l\u00e9gales de GSE Int\u00e9gration pour le site gseintegration.com : syst\u00e8mes de fixation de panneaux photovolta\u00efques","robots":{"index":"index","follow":"follow","max-snippet":"max-snippet:-1","max-image-preview":"max-image-preview:large","max-video-preview":"max-video-preview:-1"},"canonical":"https:\/\/www.gseintegration.com\/fr\/mentions-legales\/","og_locale":"fr_FR","og_type":"article","og_title":"Mentions l\u00e9gales - GSE Int\u00e9gration","og_description":"Mentions l\u00e9gales de GSE Int\u00e9gration pour le site gseintegration.com : syst\u00e8mes de fixation de panneaux photovolta\u00efques","og_url":"https:\/\/www.gseintegration.com\/fr\/mentions-legales\/","og_site_name":"GSE Int\u00e9gration","article_modified_time":"2021-08-04T07:46:08+00:00","twitter_card":"summary_large_image","twitter_misc":{"Dur\u00e9e de lecture estim\u00e9e":"7 minutes"},"schema":{"@context":"https:\/\/schema.org","@graph":[{"@type":"WebPage","@id":"https:\/\/www.gseintegration.com\/fr\/mentions-legales\/","url":"https:\/\/www.gseintegration.com\/fr\/mentions-legales\/","name":"Mentions l\u00e9gales - GSE Int\u00e9gration","isPartOf":{"@id":"https:\/\/www.gseintegration.com\/en\/#website"},"datePublished":"2021-07-16T13:58:50+00:00","dateModified":"2021-08-04T07:46:08+00:00","description":"Mentions l\u00e9gales de GSE Int\u00e9gration pour le site gseintegration.com : syst\u00e8mes de fixation de panneaux photovolta\u00efques","breadcrumb":{"@id":"https:\/\/www.gseintegration.com\/fr\/mentions-legales\/#breadcrumb"},"inLanguage":"fr-FR","potentialAction":[{"@type":"ReadAction","target":["https:\/\/www.gseintegration.com\/fr\/mentions-legales\/"]}]},{"@type":"BreadcrumbList","@id":"https:\/\/www.gseintegration.com\/fr\/mentions-legales\/#breadcrumb","itemListElement":[{"@type":"ListItem","position":1,"name":"Accueil","item":"https:\/\/www.gseintegration.com\/fr\/"},{"@type":"ListItem","position":2,"name":"Mentions l\u00e9gales"}]},{"@type":"WebSite","@id":"https:\/\/www.gseintegration.com\/en\/#website","url":"https:\/\/www.gseintegration.com\/en\/","name":"GSE Int\u00e9gration","description":"Leader europ\u00e9en de syst\u00e8mes de montage en int\u00e9gration en toiture de panneaux solaires photovolta\u00efques","publisher":{"@id":"https:\/\/www.gseintegration.com\/en\/#organization"},"potentialAction":[{"@type":"SearchAction","target":{"@type":"EntryPoint","urlTemplate":"https:\/\/www.gseintegration.com\/en\/?s={search_term_string}"},"query-input":{"@type":"PropertyValueSpecification","valueRequired":true,"valueName":"search_term_string"}}],"inLanguage":"fr-FR"},{"@type":"Organization","@id":"https:\/\/www.gseintegration.com\/en\/#organization","name":"GSE Int\u00e9gration","url":"https:\/\/www.gseintegration.com\/en\/","logo":{"@type":"ImageObject","inLanguage":"fr-FR","@id":"https:\/\/www.gseintegration.com\/en\/#\/schema\/logo\/image\/","url":"https:\/\/www.gseintegration.com\/wp-content\/uploads\/2021\/04\/GSE-INTEGRATION-1.png","contentUrl":"https:\/\/www.gseintegration.com\/wp-content\/uploads\/2021\/04\/GSE-INTEGRATION-1.png","width":284,"height":80,"caption":"GSE Int\u00e9gration"},"image":{"@id":"https:\/\/www.gseintegration.com\/en\/#\/schema\/logo\/image\/"}}]}},"_links":{"self":[{"href":"https:\/\/www.gseintegration.com\/fr\/wp-json\/wp\/v2\/pages\/38457","targetHints":{"allow":["GET"]}}],"collection":[{"href":"https:\/\/www.gseintegration.com\/fr\/wp-json\/wp\/v2\/pages"}],"about":[{"href":"https:\/\/www.gseintegration.com\/fr\/wp-json\/wp\/v2\/types\/page"}],"author":[{"embeddable":true,"href":"https:\/\/www.gseintegration.com\/fr\/wp-json\/wp\/v2\/users\/1"}],"replies":[{"embeddable":true,"href":"https:\/\/www.gseintegration.com\/fr\/wp-json\/wp\/v2\/comments?post=38457"}],"version-history":[{"count":12,"href":"https:\/\/www.gseintegration.com\/fr\/wp-json\/wp\/v2\/pages\/38457\/revisions"}],"predecessor-version":[{"id":40874,"href":"https:\/\/www.gseintegration.com\/fr\/wp-json\/wp\/v2\/pages\/38457\/revisions\/40874"}],"wp:attachment":[{"href":"https:\/\/www.gseintegration.com\/fr\/wp-json\/wp\/v2\/media?parent=38457"}],"curies":[{"name":"wp","href":"https:\/\/api.w.org\/{rel}","templated":true}]}}