{"id":33497,"date":"2021-03-09T10:34:22","date_gmt":"2021-03-09T09:34:22","guid":{"rendered":"https:\/\/www.gseintegration.com\/?page_id=33497"},"modified":"2021-07-28T15:28:26","modified_gmt":"2021-07-28T13:28:26","slug":"newsletter","status":"publish","type":"page","link":"https:\/\/www.gseintegration.com\/fr\/newsletter\/","title":{"rendered":"Newsletter"},"content":{"rendered":"\t\t<div data-elementor-type=\"wp-page\" data-elementor-id=\"33497\" class=\"elementor elementor-33497\" data-elementor-post-type=\"page\">\n\t\t\t\t\t\t<section class=\"elementor-section elementor-top-section elementor-element elementor-element-25487fc4 elementor-section-full_width elementor-section-height-default elementor-section-height-default\" data-id=\"25487fc4\" data-element_type=\"section\" data-e-type=\"section\">\n\t\t\t\t\t\t<div class=\"elementor-container elementor-column-gap-wider\">\n\t\t\t\t\t<div class=\"elementor-column elementor-col-100 elementor-top-column elementor-element elementor-element-7d09cf1d\" data-id=\"7d09cf1d\" data-element_type=\"column\" data-e-type=\"column\">\n\t\t\t<div class=\"elementor-widget-wrap\">\n\t\t\t\t\t\t\t<\/div>\n\t\t<\/div>\n\t\t\t\t\t<\/div>\n\t\t<\/section>\n\t\t\t\t<section class=\"elementor-section elementor-top-section elementor-element elementor-element-7093557 elementor-section-full_width elementor-section-height-default elementor-section-height-default\" data-id=\"7093557\" data-element_type=\"section\" data-e-type=\"section\">\n\t\t\t\t\t\t<div class=\"elementor-container elementor-column-gap-no\">\n\t\t\t\t\t<div class=\"elementor-column elementor-col-100 elementor-top-column elementor-element elementor-element-b4937d5\" data-id=\"b4937d5\" data-element_type=\"column\" data-e-type=\"column\">\n\t\t\t<div class=\"elementor-widget-wrap elementor-element-populated\">\n\t\t\t\t\t\t<div class=\"elementor-element elementor-element-fdc7c53 elementor-widget elementor-widget-heading\" data-id=\"fdc7c53\" data-element_type=\"widget\" data-e-type=\"widget\" data-widget_type=\"heading.default\">\n\t\t\t\t<div class=\"elementor-widget-container\">\n\t\t\t\t\t<h2 class=\"elementor-heading-title elementor-size-default\">Newsletter GSE Int\u00e9gration<\/h2>\t\t\t\t<\/div>\n\t\t\t\t<\/div>\n\t\t\t\t<div class=\"elementor-element elementor-element-4a00c4e elementor-widget elementor-widget-spacer\" data-id=\"4a00c4e\" data-element_type=\"widget\" data-e-type=\"widget\" data-widget_type=\"spacer.default\">\n\t\t\t\t<div class=\"elementor-widget-container\">\n\t\t\t\t\t\t\t<div class=\"elementor-spacer\">\n\t\t\t<div class=\"elementor-spacer-inner\"><\/div>\n\t\t<\/div>\n\t\t\t\t\t\t<\/div>\n\t\t\t\t<\/div>\n\t\t\t\t<div class=\"elementor-element elementor-element-a1bc652 elementor-widget elementor-widget-html\" data-id=\"a1bc652\" data-element_type=\"widget\" data-e-type=\"widget\" data-widget_type=\"html.default\">\n\t\t\t\t<div class=\"elementor-widget-container\">\n\t\t\t\t\t<iframe src=\"https:\/\/d1a27f60.sibforms.com\/serve\/MUIEAIH8nK4j3nojEgXksrZpon0YQThAwnz38zNui6-qTdTrKWUIyACH7nD34hf7svE4hfggO6Dan5-ODyA9gvYfEG_n4tuk9gmv4D9cBWOhGIRX24EUWlvtuEqBEAgRNUjEvS1PbMs95taIpUxFclYX00Mv5n3cI3SjZ109ENZDdz8AIK7sfRbhqMzrw5rlE63nOABF6ZHIs_fA\" scrolling=\"auto\" allowfullscreen=\"\" style=\"display: block;margin-left: auto;margin-right: auto;max-width: 100%;\" width=\"100%\" height=\"1305\" frameborder=\"0\"><\/iframe>\t\t\t\t<\/div>\n\t\t\t\t<\/div>\n\t\t\t\t\t<\/div>\n\t\t<\/div>\n\t\t\t\t\t<\/div>\n\t\t<\/section>\n\t\t\t\t<\/div>\n\t\t","protected":false},"excerpt":{"rendered":"<p>Newsletter GSE Int\u00e9gration<\/p>\n","protected":false},"author":1,"featured_media":0,"parent":0,"menu_order":1,"comment_status":"closed","ping_status":"closed","template":"elementor_header_footer","meta":{"footnotes":""},"class_list":["post-33497","page","type-page","status-publish","hentry"],"yoast_head":"<!-- This site is optimized with the Yoast SEO plugin v27.3 - https:\/\/yoast.com\/product\/yoast-seo-wordpress\/ -->\n<title>Newsletter - GSE Int\u00e9gration<\/title>\n<meta name=\"description\" content=\"Recevez nos actualit\u00e9s en vous abonnant \u00e0 la newsletter GSE Int\u00e9gration\" \/>\n<meta name=\"robots\" content=\"index, follow, max-snippet:-1, max-image-preview:large, max-video-preview:-1\" \/>\n<link rel=\"canonical\" href=\"https:\/\/www.gseintegration.com\/fr\/newsletter\/\" \/>\n<meta property=\"og:locale\" content=\"fr_FR\" \/>\n<meta property=\"og:type\" content=\"article\" \/>\n<meta property=\"og:title\" content=\"Newsletter - GSE Int\u00e9gration\" \/>\n<meta property=\"og:description\" content=\"Recevez nos actualit\u00e9s en vous abonnant \u00e0 la newsletter GSE Int\u00e9gration\" \/>\n<meta property=\"og:url\" content=\"https:\/\/www.gseintegration.com\/fr\/newsletter\/\" \/>\n<meta property=\"og:site_name\" content=\"GSE Int\u00e9gration\" \/>\n<meta property=\"article:modified_time\" content=\"2021-07-28T13:28:26+00:00\" \/>\n<meta name=\"twitter:card\" content=\"summary_large_image\" \/>\n<meta name=\"twitter:label1\" content=\"Dur\u00e9e de lecture estim\u00e9e\" \/>\n\t<meta name=\"twitter:data1\" content=\"1 minute\" \/>\n<script type=\"application\/ld+json\" class=\"yoast-schema-graph\">{\"@context\":\"https:\\\/\\\/schema.org\",\"@graph\":[{\"@type\":\"WebPage\",\"@id\":\"https:\\\/\\\/www.gseintegration.com\\\/fr\\\/newsletter\\\/\",\"url\":\"https:\\\/\\\/www.gseintegration.com\\\/fr\\\/newsletter\\\/\",\"name\":\"Newsletter - GSE Int\u00e9gration\",\"isPartOf\":{\"@id\":\"https:\\\/\\\/www.gseintegration.com\\\/en\\\/#website\"},\"datePublished\":\"2021-03-09T09:34:22+00:00\",\"dateModified\":\"2021-07-28T13:28:26+00:00\",\"description\":\"Recevez nos actualit\u00e9s en vous abonnant \u00e0 la newsletter GSE Int\u00e9gration\",\"breadcrumb\":{\"@id\":\"https:\\\/\\\/www.gseintegration.com\\\/fr\\\/newsletter\\\/#breadcrumb\"},\"inLanguage\":\"fr-FR\",\"potentialAction\":[{\"@type\":\"ReadAction\",\"target\":[\"https:\\\/\\\/www.gseintegration.com\\\/fr\\\/newsletter\\\/\"]}]},{\"@type\":\"BreadcrumbList\",\"@id\":\"https:\\\/\\\/www.gseintegration.com\\\/fr\\\/newsletter\\\/#breadcrumb\",\"itemListElement\":[{\"@type\":\"ListItem\",\"position\":1,\"name\":\"Accueil\",\"item\":\"https:\\\/\\\/www.gseintegration.com\\\/fr\\\/\"},{\"@type\":\"ListItem\",\"position\":2,\"name\":\"Newsletter\"}]},{\"@type\":\"WebSite\",\"@id\":\"https:\\\/\\\/www.gseintegration.com\\\/en\\\/#website\",\"url\":\"https:\\\/\\\/www.gseintegration.com\\\/en\\\/\",\"name\":\"GSE Int\u00e9gration\",\"description\":\"Leader europ\u00e9en de syst\u00e8mes de montage en int\u00e9gration en toiture de panneaux solaires photovolta\u00efques\",\"publisher\":{\"@id\":\"https:\\\/\\\/www.gseintegration.com\\\/en\\\/#organization\"},\"potentialAction\":[{\"@type\":\"SearchAction\",\"target\":{\"@type\":\"EntryPoint\",\"urlTemplate\":\"https:\\\/\\\/www.gseintegration.com\\\/en\\\/?s={search_term_string}\"},\"query-input\":{\"@type\":\"PropertyValueSpecification\",\"valueRequired\":true,\"valueName\":\"search_term_string\"}}],\"inLanguage\":\"fr-FR\"},{\"@type\":\"Organization\",\"@id\":\"https:\\\/\\\/www.gseintegration.com\\\/en\\\/#organization\",\"name\":\"GSE Int\u00e9gration\",\"url\":\"https:\\\/\\\/www.gseintegration.com\\\/en\\\/\",\"logo\":{\"@type\":\"ImageObject\",\"inLanguage\":\"fr-FR\",\"@id\":\"https:\\\/\\\/www.gseintegration.com\\\/en\\\/#\\\/schema\\\/logo\\\/image\\\/\",\"url\":\"https:\\\/\\\/www.gseintegration.com\\\/wp-content\\\/uploads\\\/2021\\\/04\\\/GSE-INTEGRATION-1.png\",\"contentUrl\":\"https:\\\/\\\/www.gseintegration.com\\\/wp-content\\\/uploads\\\/2021\\\/04\\\/GSE-INTEGRATION-1.png\",\"width\":284,\"height\":80,\"caption\":\"GSE Int\u00e9gration\"},\"image\":{\"@id\":\"https:\\\/\\\/www.gseintegration.com\\\/en\\\/#\\\/schema\\\/logo\\\/image\\\/\"}}]}<\/script>\n<!-- \/ Yoast SEO plugin. -->","yoast_head_json":{"title":"Newsletter - GSE Int\u00e9gration","description":"Recevez nos actualit\u00e9s en vous abonnant \u00e0 la newsletter GSE Int\u00e9gration","robots":{"index":"index","follow":"follow","max-snippet":"max-snippet:-1","max-image-preview":"max-image-preview:large","max-video-preview":"max-video-preview:-1"},"canonical":"https:\/\/www.gseintegration.com\/fr\/newsletter\/","og_locale":"fr_FR","og_type":"article","og_title":"Newsletter - GSE Int\u00e9gration","og_description":"Recevez nos actualit\u00e9s en vous abonnant \u00e0 la newsletter GSE Int\u00e9gration","og_url":"https:\/\/www.gseintegration.com\/fr\/newsletter\/","og_site_name":"GSE Int\u00e9gration","article_modified_time":"2021-07-28T13:28:26+00:00","twitter_card":"summary_large_image","twitter_misc":{"Dur\u00e9e de lecture estim\u00e9e":"1 minute"},"schema":{"@context":"https:\/\/schema.org","@graph":[{"@type":"WebPage","@id":"https:\/\/www.gseintegration.com\/fr\/newsletter\/","url":"https:\/\/www.gseintegration.com\/fr\/newsletter\/","name":"Newsletter - GSE Int\u00e9gration","isPartOf":{"@id":"https:\/\/www.gseintegration.com\/en\/#website"},"datePublished":"2021-03-09T09:34:22+00:00","dateModified":"2021-07-28T13:28:26+00:00","description":"Recevez nos actualit\u00e9s en vous abonnant \u00e0 la newsletter GSE Int\u00e9gration","breadcrumb":{"@id":"https:\/\/www.gseintegration.com\/fr\/newsletter\/#breadcrumb"},"inLanguage":"fr-FR","potentialAction":[{"@type":"ReadAction","target":["https:\/\/www.gseintegration.com\/fr\/newsletter\/"]}]},{"@type":"BreadcrumbList","@id":"https:\/\/www.gseintegration.com\/fr\/newsletter\/#breadcrumb","itemListElement":[{"@type":"ListItem","position":1,"name":"Accueil","item":"https:\/\/www.gseintegration.com\/fr\/"},{"@type":"ListItem","position":2,"name":"Newsletter"}]},{"@type":"WebSite","@id":"https:\/\/www.gseintegration.com\/en\/#website","url":"https:\/\/www.gseintegration.com\/en\/","name":"GSE Int\u00e9gration","description":"Leader europ\u00e9en de syst\u00e8mes de montage en int\u00e9gration en toiture de panneaux solaires photovolta\u00efques","publisher":{"@id":"https:\/\/www.gseintegration.com\/en\/#organization"},"potentialAction":[{"@type":"SearchAction","target":{"@type":"EntryPoint","urlTemplate":"https:\/\/www.gseintegration.com\/en\/?s={search_term_string}"},"query-input":{"@type":"PropertyValueSpecification","valueRequired":true,"valueName":"search_term_string"}}],"inLanguage":"fr-FR"},{"@type":"Organization","@id":"https:\/\/www.gseintegration.com\/en\/#organization","name":"GSE Int\u00e9gration","url":"https:\/\/www.gseintegration.com\/en\/","logo":{"@type":"ImageObject","inLanguage":"fr-FR","@id":"https:\/\/www.gseintegration.com\/en\/#\/schema\/logo\/image\/","url":"https:\/\/www.gseintegration.com\/wp-content\/uploads\/2021\/04\/GSE-INTEGRATION-1.png","contentUrl":"https:\/\/www.gseintegration.com\/wp-content\/uploads\/2021\/04\/GSE-INTEGRATION-1.png","width":284,"height":80,"caption":"GSE Int\u00e9gration"},"image":{"@id":"https:\/\/www.gseintegration.com\/en\/#\/schema\/logo\/image\/"}}]}},"_links":{"self":[{"href":"https:\/\/www.gseintegration.com\/fr\/wp-json\/wp\/v2\/pages\/33497","targetHints":{"allow":["GET"]}}],"collection":[{"href":"https:\/\/www.gseintegration.com\/fr\/wp-json\/wp\/v2\/pages"}],"about":[{"href":"https:\/\/www.gseintegration.com\/fr\/wp-json\/wp\/v2\/types\/page"}],"author":[{"embeddable":true,"href":"https:\/\/www.gseintegration.com\/fr\/wp-json\/wp\/v2\/users\/1"}],"replies":[{"embeddable":true,"href":"https:\/\/www.gseintegration.com\/fr\/wp-json\/wp\/v2\/comments?post=33497"}],"version-history":[{"count":13,"href":"https:\/\/www.gseintegration.com\/fr\/wp-json\/wp\/v2\/pages\/33497\/revisions"}],"predecessor-version":[{"id":39957,"href":"https:\/\/www.gseintegration.com\/fr\/wp-json\/wp\/v2\/pages\/33497\/revisions\/39957"}],"wp:attachment":[{"href":"https:\/\/www.gseintegration.com\/fr\/wp-json\/wp\/v2\/media?parent=33497"}],"curies":[{"name":"wp","href":"https:\/\/api.w.org\/{rel}","templated":true}]}}