{"id":46160,"date":"2022-07-11T15:18:06","date_gmt":"2022-07-11T13:18:06","guid":{"rendered":"https:\/\/www.gseintegration.com\/faq\/"},"modified":"2022-07-11T15:19:11","modified_gmt":"2022-07-11T13:19:11","slug":"faq","status":"publish","type":"page","link":"https:\/\/www.gseintegration.com\/en\/faq\/","title":{"rendered":"FAQ"},"content":{"rendered":"\t\t<div data-elementor-type=\"wp-page\" data-elementor-id=\"46160\" class=\"elementor elementor-46160 elementor-45536\" data-elementor-post-type=\"page\">\n\t\t\t\t\t\t<section class=\"elementor-section elementor-top-section elementor-element elementor-element-428b815 elementor-section-boxed elementor-section-height-default elementor-section-height-default\" data-id=\"428b815\" data-element_type=\"section\" data-e-type=\"section\">\n\t\t\t\t\t\t<div class=\"elementor-container elementor-column-gap-default\">\n\t\t\t\t\t<div class=\"elementor-column elementor-col-100 elementor-top-column elementor-element elementor-element-eb206e1\" data-id=\"eb206e1\" data-element_type=\"column\" data-e-type=\"column\">\n\t\t\t<div class=\"elementor-widget-wrap elementor-element-populated\">\n\t\t\t\t\t\t<div class=\"elementor-element elementor-element-a99be5d elementor-widget elementor-widget-heading\" data-id=\"a99be5d\" data-element_type=\"widget\" data-e-type=\"widget\" data-widget_type=\"heading.default\">\n\t\t\t\t<div class=\"elementor-widget-container\">\n\t\t\t\t\t<h2 class=\"elementor-heading-title elementor-size-default\">Frequently Asked questions<\/h2>\t\t\t\t<\/div>\n\t\t\t\t<\/div>\n\t\t\t\t<div class=\"elementor-element elementor-element-241e29d elementor-widget elementor-widget-spacer\" data-id=\"241e29d\" data-element_type=\"widget\" data-e-type=\"widget\" data-widget_type=\"spacer.default\">\n\t\t\t\t<div class=\"elementor-widget-container\">\n\t\t\t\t\t\t\t<div class=\"elementor-spacer\">\n\t\t\t<div class=\"elementor-spacer-inner\"><\/div>\n\t\t<\/div>\n\t\t\t\t\t\t<\/div>\n\t\t\t\t<\/div>\n\t\t\t\t<div class=\"elementor-element elementor-element-13fbdf1 elementor-widget elementor-widget-text-editor\" data-id=\"13fbdf1\" data-element_type=\"widget\" data-e-type=\"widget\" data-widget_type=\"text-editor.default\">\n\t\t\t\t<div class=\"elementor-widget-container\">\n\t\t\t\t\t\t\t\t\t<p>Toute l&#8217;\u00e9quipe GSE Int\u00e9gration est \u00e0 votre disposition pour r\u00e9pondre \u00e0 vos questions, n&#8217;h\u00e9sitez pas \u00e0 nous <a style=\"color: #fff; text-decoration: underline;\" href=\"https:\/\/www.gseintegration.com\/en\/contact\/\">contacter\u00a0ici<\/a>.<\/p>\r\n<p>Si toutefois vous souhaitez une r\u00e9ponse imm\u00e9diate, vous pouvez consulter la liste de questions ci-dessous et dans les diff\u00e9rents onglets.<\/p>\t\t\t\t\t\t\t\t<\/div>\n\t\t\t\t<\/div>\n\t\t\t\t<div class=\"elementor-element elementor-element-2f5dc72 elementor-widget elementor-widget-spacer\" data-id=\"2f5dc72\" data-element_type=\"widget\" data-e-type=\"widget\" data-widget_type=\"spacer.default\">\n\t\t\t\t<div class=\"elementor-widget-container\">\n\t\t\t\t\t\t\t<div class=\"elementor-spacer\">\n\t\t\t<div class=\"elementor-spacer-inner\"><\/div>\n\t\t<\/div>\n\t\t\t\t\t\t<\/div>\n\t\t\t\t<\/div>\n\t\t\t\t<div class=\"elementor-element elementor-element-04d481f elementor-tabs-view-horizontal elementor-widget elementor-widget-tabs\" data-id=\"04d481f\" data-element_type=\"widget\" data-e-type=\"widget\" data-widget_type=\"tabs.default\">\n\t\t\t\t<div class=\"elementor-widget-container\">\n\t\t\t\t\t\t\t<div class=\"elementor-tabs\">\n\t\t\t<div class=\"elementor-tabs-wrapper\" role=\"tablist\" >\n\t\t\t\t\t\t\t\t\t<div id=\"elementor-tab-title-5061\" class=\"elementor-tab-title elementor-tab-desktop-title\" aria-selected=\"true\" data-tab=\"1\" role=\"tab\" tabindex=\"0\" aria-controls=\"elementor-tab-content-5061\" aria-expanded=\"false\">GSE IN-ROOF SYSTEM<\/div>\n\t\t\t\t\t\t\t\t\t<div id=\"elementor-tab-title-5062\" class=\"elementor-tab-title elementor-tab-desktop-title\" aria-selected=\"false\" data-tab=\"2\" role=\"tab\" tabindex=\"-1\" aria-controls=\"elementor-tab-content-5062\" aria-expanded=\"false\">GSE GROUND SYSTEM<\/div>\n\t\t\t\t\t\t\t\t\t<div id=\"elementor-tab-title-5063\" class=\"elementor-tab-title elementor-tab-desktop-title\" aria-selected=\"false\" data-tab=\"3\" role=\"tab\" tabindex=\"-1\" aria-controls=\"elementor-tab-content-5063\" aria-expanded=\"false\">GSE ON-ROOF SYSTEM<\/div>\n\t\t\t\t\t\t\t\t\t<div id=\"elementor-tab-title-5064\" class=\"elementor-tab-title elementor-tab-desktop-title\" aria-selected=\"false\" data-tab=\"4\" role=\"tab\" tabindex=\"-1\" aria-controls=\"elementor-tab-content-5064\" aria-expanded=\"false\">GSE THERMO\u2019SYSTEM<\/div>\n\t\t\t\t\t\t\t\t\t<div id=\"elementor-tab-title-5065\" class=\"elementor-tab-title elementor-tab-desktop-title\" aria-selected=\"false\" data-tab=\"5\" role=\"tab\" tabindex=\"-1\" aria-controls=\"elementor-tab-content-5065\" aria-expanded=\"false\">GSE PAC'SYSTEM<\/div>\n\t\t\t\t\t\t\t\t\t<div id=\"elementor-tab-title-5066\" class=\"elementor-tab-title elementor-tab-desktop-title\" aria-selected=\"false\" data-tab=\"6\" role=\"tab\" tabindex=\"-1\" aria-controls=\"elementor-tab-content-5066\" aria-expanded=\"false\">GSE AIR'SYSTEM<\/div>\n\t\t\t\t\t\t\t<\/div>\n\t\t\t<div class=\"elementor-tabs-content-wrapper\" role=\"tablist\" aria-orientation=\"vertical\">\n\t\t\t\t\t\t\t\t\t<div class=\"elementor-tab-title elementor-tab-mobile-title\" aria-selected=\"true\" data-tab=\"1\" role=\"tab\" tabindex=\"0\" aria-controls=\"elementor-tab-content-5061\" aria-expanded=\"false\">GSE IN-ROOF SYSTEM<\/div>\n\t\t\t\t\t<div id=\"elementor-tab-content-5061\" class=\"elementor-tab-content elementor-clearfix\" data-tab=\"1\" role=\"tabpanel\" aria-labelledby=\"elementor-tab-title-5061\" tabindex=\"0\" hidden=\"false\"><div  class=\"ewd-ufaq-faq-list ewd-ufaq-page-type-distinct ewd-ufaq-category-tabs-\" id='ewd-ufaq-faq-list'>\n\n\t<input type='hidden' name='show_on_load' value='' id='ewd-ufaq-show-on-load' \/>\n<input type='hidden' name='include_category' value='\u2019faq-gse-in-roof-system-en\u2019' id='ewd-ufaq-include-category' \/>\n<input type='hidden' name='exclude_category' value='' id='ewd-ufaq-exclude-category' \/>\n<input type='hidden' name='orderby' value='date' id='ewd-ufaq-orderby' \/>\n<input type='hidden' name='order' value='asc' id='ewd-ufaq-order' \/>\n<input type='hidden' name='post_count' value='-1' id='ewd-ufaq-post-count' \/>\n<input type='hidden' name='current_url' value='\/en\/wp-json\/wp\/v2\/pages\/46160' id='ewd-ufaq-current-url' \/>\n\t\n\t\n\t<div class='ewd-ufaq-faqs'>\n\n\t\t\n\t<\/div>\n\n\t\n<\/div><\/div>\n\t\t\t\t\t\t\t\t\t<div class=\"elementor-tab-title elementor-tab-mobile-title\" aria-selected=\"false\" data-tab=\"2\" role=\"tab\" tabindex=\"-1\" aria-controls=\"elementor-tab-content-5062\" aria-expanded=\"false\">GSE GROUND SYSTEM<\/div>\n\t\t\t\t\t<div id=\"elementor-tab-content-5062\" class=\"elementor-tab-content elementor-clearfix\" data-tab=\"2\" role=\"tabpanel\" aria-labelledby=\"elementor-tab-title-5062\" tabindex=\"0\" hidden=\"hidden\"><div  class=\"ewd-ufaq-faq-list ewd-ufaq-page-type-distinct ewd-ufaq-category-tabs-\" id='ewd-ufaq-faq-list'>\n\n\t<input type='hidden' name='show_on_load' value='' id='ewd-ufaq-show-on-load' \/>\n<input type='hidden' name='include_category' value='\u2019faq-gse-ground-system-en\u2019' id='ewd-ufaq-include-category' \/>\n<input type='hidden' name='exclude_category' value='' id='ewd-ufaq-exclude-category' \/>\n<input type='hidden' name='orderby' value='date' id='ewd-ufaq-orderby' \/>\n<input type='hidden' name='order' value='asc' id='ewd-ufaq-order' \/>\n<input type='hidden' name='post_count' value='-1' id='ewd-ufaq-post-count' \/>\n<input type='hidden' name='current_url' value='\/en\/wp-json\/wp\/v2\/pages\/46160' id='ewd-ufaq-current-url' \/>\n\t\n\t\n\t<div class='ewd-ufaq-faqs'>\n\n\t\t\n\t<\/div>\n\n\t\n<\/div><\/div>\n\t\t\t\t\t\t\t\t\t<div class=\"elementor-tab-title elementor-tab-mobile-title\" aria-selected=\"false\" data-tab=\"3\" role=\"tab\" tabindex=\"-1\" aria-controls=\"elementor-tab-content-5063\" aria-expanded=\"false\">GSE ON-ROOF SYSTEM<\/div>\n\t\t\t\t\t<div id=\"elementor-tab-content-5063\" class=\"elementor-tab-content elementor-clearfix\" data-tab=\"3\" role=\"tabpanel\" aria-labelledby=\"elementor-tab-title-5063\" tabindex=\"0\" hidden=\"hidden\"><div  class=\"ewd-ufaq-faq-list ewd-ufaq-page-type-distinct ewd-ufaq-category-tabs-\" id='ewd-ufaq-faq-list'>\n\n\t<input type='hidden' name='show_on_load' value='' id='ewd-ufaq-show-on-load' \/>\n<input type='hidden' name='include_category' value='\u2019faq-gse-on-roof-system-en\u2019' id='ewd-ufaq-include-category' \/>\n<input type='hidden' name='exclude_category' value='' id='ewd-ufaq-exclude-category' \/>\n<input type='hidden' name='orderby' value='date' id='ewd-ufaq-orderby' \/>\n<input type='hidden' name='order' value='asc' id='ewd-ufaq-order' \/>\n<input type='hidden' name='post_count' value='-1' id='ewd-ufaq-post-count' \/>\n<input type='hidden' name='current_url' value='\/en\/wp-json\/wp\/v2\/pages\/46160' id='ewd-ufaq-current-url' \/>\n\t\n\t\n\t<div class='ewd-ufaq-faqs'>\n\n\t\t\n\t<\/div>\n\n\t\n<\/div><\/div>\n\t\t\t\t\t\t\t\t\t<div class=\"elementor-tab-title elementor-tab-mobile-title\" aria-selected=\"false\" data-tab=\"4\" role=\"tab\" tabindex=\"-1\" aria-controls=\"elementor-tab-content-5064\" aria-expanded=\"false\">GSE THERMO\u2019SYSTEM<\/div>\n\t\t\t\t\t<div id=\"elementor-tab-content-5064\" class=\"elementor-tab-content elementor-clearfix\" data-tab=\"4\" role=\"tabpanel\" aria-labelledby=\"elementor-tab-title-5064\" tabindex=\"0\" hidden=\"hidden\"><div  class=\"ewd-ufaq-faq-list ewd-ufaq-page-type-distinct ewd-ufaq-category-tabs-\" id='ewd-ufaq-faq-list'>\n\n\t<input type='hidden' name='show_on_load' value='' id='ewd-ufaq-show-on-load' \/>\n<input type='hidden' name='include_category' value='\u2019faq-gse-thermo-system-en\u2019' id='ewd-ufaq-include-category' \/>\n<input type='hidden' name='exclude_category' value='' id='ewd-ufaq-exclude-category' \/>\n<input type='hidden' name='orderby' value='date' id='ewd-ufaq-orderby' \/>\n<input type='hidden' name='order' value='asc' id='ewd-ufaq-order' \/>\n<input type='hidden' name='post_count' value='-1' id='ewd-ufaq-post-count' \/>\n<input type='hidden' name='current_url' value='\/en\/wp-json\/wp\/v2\/pages\/46160' id='ewd-ufaq-current-url' \/>\n\t\n\t\n\t<div class='ewd-ufaq-faqs'>\n\n\t\t\n\t<\/div>\n\n\t\n<\/div><\/div>\n\t\t\t\t\t\t\t\t\t<div class=\"elementor-tab-title elementor-tab-mobile-title\" aria-selected=\"false\" data-tab=\"5\" role=\"tab\" tabindex=\"-1\" aria-controls=\"elementor-tab-content-5065\" aria-expanded=\"false\">GSE PAC'SYSTEM<\/div>\n\t\t\t\t\t<div id=\"elementor-tab-content-5065\" class=\"elementor-tab-content elementor-clearfix\" data-tab=\"5\" role=\"tabpanel\" aria-labelledby=\"elementor-tab-title-5065\" tabindex=\"0\" hidden=\"hidden\"><div  class=\"ewd-ufaq-faq-list ewd-ufaq-page-type-distinct ewd-ufaq-category-tabs-\" id='ewd-ufaq-faq-list'>\n\n\t<input type='hidden' name='show_on_load' value='' id='ewd-ufaq-show-on-load' \/>\n<input type='hidden' name='include_category' value='\u2019faq-gse-pacsystem-en\u2019' id='ewd-ufaq-include-category' \/>\n<input type='hidden' name='exclude_category' value='' id='ewd-ufaq-exclude-category' \/>\n<input type='hidden' name='orderby' value='date' id='ewd-ufaq-orderby' \/>\n<input type='hidden' name='order' value='asc' id='ewd-ufaq-order' \/>\n<input type='hidden' name='post_count' value='-1' id='ewd-ufaq-post-count' \/>\n<input type='hidden' name='current_url' value='\/en\/wp-json\/wp\/v2\/pages\/46160' id='ewd-ufaq-current-url' \/>\n\t\n\t\n\t<div class='ewd-ufaq-faqs'>\n\n\t\t\n\t<\/div>\n\n\t\n<\/div><\/div>\n\t\t\t\t\t\t\t\t\t<div class=\"elementor-tab-title elementor-tab-mobile-title\" aria-selected=\"false\" data-tab=\"6\" role=\"tab\" tabindex=\"-1\" aria-controls=\"elementor-tab-content-5066\" aria-expanded=\"false\">GSE AIR'SYSTEM<\/div>\n\t\t\t\t\t<div id=\"elementor-tab-content-5066\" class=\"elementor-tab-content elementor-clearfix\" data-tab=\"6\" role=\"tabpanel\" aria-labelledby=\"elementor-tab-title-5066\" tabindex=\"0\" hidden=\"hidden\"><div  class=\"ewd-ufaq-faq-list ewd-ufaq-page-type-distinct ewd-ufaq-category-tabs-\" id='ewd-ufaq-faq-list'>\n\n\t<input type='hidden' name='show_on_load' value='' id='ewd-ufaq-show-on-load' \/>\n<input type='hidden' name='include_category' value='\u2019faq-gse-airsystem-en\u2019' id='ewd-ufaq-include-category' \/>\n<input type='hidden' name='exclude_category' value='' id='ewd-ufaq-exclude-category' \/>\n<input type='hidden' name='orderby' value='date' id='ewd-ufaq-orderby' \/>\n<input type='hidden' name='order' value='asc' id='ewd-ufaq-order' \/>\n<input type='hidden' name='post_count' value='-1' id='ewd-ufaq-post-count' \/>\n<input type='hidden' name='current_url' value='\/en\/wp-json\/wp\/v2\/pages\/46160' id='ewd-ufaq-current-url' \/>\n\t\n\t\n\t<div class='ewd-ufaq-faqs'>\n\n\t\t\n\t<\/div>\n\n\t\n<\/div><\/div>\n\t\t\t\t\t\t\t<\/div>\n\t\t<\/div>\n\t\t\t\t\t\t<\/div>\n\t\t\t\t<\/div>\n\t\t\t\t\t<\/div>\n\t\t<\/div>\n\t\t\t\t\t<\/div>\n\t\t<\/section>\n\t\t\t\t<\/div>\n\t\t","protected":false},"excerpt":{"rendered":"<p>Frequently Asked questions Toute l&#8217;\u00e9quipe GSE Int\u00e9gration est \u00e0 votre disposition pour r\u00e9pondre \u00e0 vos questions, n&#8217;h\u00e9sitez pas \u00e0 nous contacter\u00a0ici. Si toutefois vous souhaitez une r\u00e9ponse imm\u00e9diate, vous pouvez consulter la liste de questions ci-dessous et dans les diff\u00e9rents onglets. GSE IN-ROOF SYSTEM GSE GROUND SYSTEM GSE ON-ROOF SYSTEM GSE THERMO\u2019SYSTEM GSE PAC&#8217;SYSTEM GSE&hellip;<\/p>\n","protected":false},"author":1,"featured_media":0,"parent":0,"menu_order":0,"comment_status":"closed","ping_status":"closed","template":"elementor_theme","meta":{"footnotes":""},"class_list":["post-46160","page","type-page","status-publish","hentry"],"yoast_head":"<!-- This site is optimized with the Yoast SEO plugin v27.3 - https:\/\/yoast.com\/product\/yoast-seo-wordpress\/ -->\n<title>FAQ - GSE Int\u00e9gration<\/title>\n<meta name=\"robots\" content=\"index, follow, max-snippet:-1, max-image-preview:large, max-video-preview:-1\" \/>\n<link rel=\"canonical\" href=\"https:\/\/www.gseintegration.com\/fr\/faq\/\" \/>\n<meta property=\"og:locale\" content=\"en_US\" \/>\n<meta property=\"og:type\" content=\"article\" \/>\n<meta property=\"og:title\" content=\"FAQ - GSE Int\u00e9gration\" \/>\n<meta property=\"og:description\" content=\"Frequently Asked questions Toute l&#8217;\u00e9quipe GSE Int\u00e9gration est \u00e0 votre disposition pour r\u00e9pondre \u00e0 vos questions, n&#8217;h\u00e9sitez pas \u00e0 nous contacter\u00a0ici. Si toutefois vous souhaitez une r\u00e9ponse imm\u00e9diate, vous pouvez consulter la liste de questions ci-dessous et dans les diff\u00e9rents onglets. GSE IN-ROOF SYSTEM GSE GROUND SYSTEM GSE ON-ROOF SYSTEM GSE THERMO\u2019SYSTEM GSE PAC&#8217;SYSTEM GSE&hellip;\" \/>\n<meta property=\"og:url\" content=\"https:\/\/www.gseintegration.com\/fr\/faq\/\" \/>\n<meta property=\"og:site_name\" content=\"GSE Int\u00e9gration\" \/>\n<meta property=\"article:modified_time\" content=\"2022-07-11T13:19:11+00:00\" \/>\n<meta name=\"twitter:card\" content=\"summary_large_image\" \/>\n<script type=\"application\/ld+json\" class=\"yoast-schema-graph\">{\"@context\":\"https:\\\/\\\/schema.org\",\"@graph\":[{\"@type\":\"WebPage\",\"@id\":\"https:\\\/\\\/www.gseintegration.com\\\/fr\\\/faq\\\/\",\"url\":\"https:\\\/\\\/www.gseintegration.com\\\/fr\\\/faq\\\/\",\"name\":\"FAQ - GSE Int\u00e9gration\",\"isPartOf\":{\"@id\":\"https:\\\/\\\/www.gseintegration.com\\\/en\\\/#website\"},\"datePublished\":\"2022-07-11T13:18:06+00:00\",\"dateModified\":\"2022-07-11T13:19:11+00:00\",\"breadcrumb\":{\"@id\":\"https:\\\/\\\/www.gseintegration.com\\\/fr\\\/faq\\\/#breadcrumb\"},\"inLanguage\":\"en-US\",\"potentialAction\":[{\"@type\":\"ReadAction\",\"target\":[\"https:\\\/\\\/www.gseintegration.com\\\/fr\\\/faq\\\/\"]}]},{\"@type\":\"BreadcrumbList\",\"@id\":\"https:\\\/\\\/www.gseintegration.com\\\/fr\\\/faq\\\/#breadcrumb\",\"itemListElement\":[{\"@type\":\"ListItem\",\"position\":1,\"name\":\"Accueil\",\"item\":\"https:\\\/\\\/www.gseintegration.com\\\/fr\\\/\"},{\"@type\":\"ListItem\",\"position\":2,\"name\":\"FAQ\"}]},{\"@type\":\"WebSite\",\"@id\":\"https:\\\/\\\/www.gseintegration.com\\\/en\\\/#website\",\"url\":\"https:\\\/\\\/www.gseintegration.com\\\/en\\\/\",\"name\":\"GSE Int\u00e9gration\",\"description\":\"Leader europ\u00e9en de syst\u00e8mes de montage en int\u00e9gration en toiture de panneaux solaires photovolta\u00efques\",\"publisher\":{\"@id\":\"https:\\\/\\\/www.gseintegration.com\\\/en\\\/#organization\"},\"potentialAction\":[{\"@type\":\"SearchAction\",\"target\":{\"@type\":\"EntryPoint\",\"urlTemplate\":\"https:\\\/\\\/www.gseintegration.com\\\/en\\\/?s={search_term_string}\"},\"query-input\":{\"@type\":\"PropertyValueSpecification\",\"valueRequired\":true,\"valueName\":\"search_term_string\"}}],\"inLanguage\":\"en-US\"},{\"@type\":\"Organization\",\"@id\":\"https:\\\/\\\/www.gseintegration.com\\\/en\\\/#organization\",\"name\":\"GSE Int\u00e9gration\",\"url\":\"https:\\\/\\\/www.gseintegration.com\\\/en\\\/\",\"logo\":{\"@type\":\"ImageObject\",\"inLanguage\":\"en-US\",\"@id\":\"https:\\\/\\\/www.gseintegration.com\\\/en\\\/#\\\/schema\\\/logo\\\/image\\\/\",\"url\":\"https:\\\/\\\/www.gseintegration.com\\\/wp-content\\\/uploads\\\/2021\\\/04\\\/GSE-INTEGRATION-1.png\",\"contentUrl\":\"https:\\\/\\\/www.gseintegration.com\\\/wp-content\\\/uploads\\\/2021\\\/04\\\/GSE-INTEGRATION-1.png\",\"width\":284,\"height\":80,\"caption\":\"GSE Int\u00e9gration\"},\"image\":{\"@id\":\"https:\\\/\\\/www.gseintegration.com\\\/en\\\/#\\\/schema\\\/logo\\\/image\\\/\"}}]}<\/script>\n<!-- \/ Yoast SEO plugin. -->","yoast_head_json":{"title":"FAQ - GSE Int\u00e9gration","robots":{"index":"index","follow":"follow","max-snippet":"max-snippet:-1","max-image-preview":"max-image-preview:large","max-video-preview":"max-video-preview:-1"},"canonical":"https:\/\/www.gseintegration.com\/fr\/faq\/","og_locale":"en_US","og_type":"article","og_title":"FAQ - GSE Int\u00e9gration","og_description":"Frequently Asked questions Toute l&#8217;\u00e9quipe GSE Int\u00e9gration est \u00e0 votre disposition pour r\u00e9pondre \u00e0 vos questions, n&#8217;h\u00e9sitez pas \u00e0 nous contacter\u00a0ici. Si toutefois vous souhaitez une r\u00e9ponse imm\u00e9diate, vous pouvez consulter la liste de questions ci-dessous et dans les diff\u00e9rents onglets. GSE IN-ROOF SYSTEM GSE GROUND SYSTEM GSE ON-ROOF SYSTEM GSE THERMO\u2019SYSTEM GSE PAC&#8217;SYSTEM GSE&hellip;","og_url":"https:\/\/www.gseintegration.com\/fr\/faq\/","og_site_name":"GSE Int\u00e9gration","article_modified_time":"2022-07-11T13:19:11+00:00","twitter_card":"summary_large_image","schema":{"@context":"https:\/\/schema.org","@graph":[{"@type":"WebPage","@id":"https:\/\/www.gseintegration.com\/fr\/faq\/","url":"https:\/\/www.gseintegration.com\/fr\/faq\/","name":"FAQ - GSE Int\u00e9gration","isPartOf":{"@id":"https:\/\/www.gseintegration.com\/en\/#website"},"datePublished":"2022-07-11T13:18:06+00:00","dateModified":"2022-07-11T13:19:11+00:00","breadcrumb":{"@id":"https:\/\/www.gseintegration.com\/fr\/faq\/#breadcrumb"},"inLanguage":"en-US","potentialAction":[{"@type":"ReadAction","target":["https:\/\/www.gseintegration.com\/fr\/faq\/"]}]},{"@type":"BreadcrumbList","@id":"https:\/\/www.gseintegration.com\/fr\/faq\/#breadcrumb","itemListElement":[{"@type":"ListItem","position":1,"name":"Accueil","item":"https:\/\/www.gseintegration.com\/fr\/"},{"@type":"ListItem","position":2,"name":"FAQ"}]},{"@type":"WebSite","@id":"https:\/\/www.gseintegration.com\/en\/#website","url":"https:\/\/www.gseintegration.com\/en\/","name":"GSE Int\u00e9gration","description":"Leader europ\u00e9en de syst\u00e8mes de montage en int\u00e9gration en toiture de panneaux solaires photovolta\u00efques","publisher":{"@id":"https:\/\/www.gseintegration.com\/en\/#organization"},"potentialAction":[{"@type":"SearchAction","target":{"@type":"EntryPoint","urlTemplate":"https:\/\/www.gseintegration.com\/en\/?s={search_term_string}"},"query-input":{"@type":"PropertyValueSpecification","valueRequired":true,"valueName":"search_term_string"}}],"inLanguage":"en-US"},{"@type":"Organization","@id":"https:\/\/www.gseintegration.com\/en\/#organization","name":"GSE Int\u00e9gration","url":"https:\/\/www.gseintegration.com\/en\/","logo":{"@type":"ImageObject","inLanguage":"en-US","@id":"https:\/\/www.gseintegration.com\/en\/#\/schema\/logo\/image\/","url":"https:\/\/www.gseintegration.com\/wp-content\/uploads\/2021\/04\/GSE-INTEGRATION-1.png","contentUrl":"https:\/\/www.gseintegration.com\/wp-content\/uploads\/2021\/04\/GSE-INTEGRATION-1.png","width":284,"height":80,"caption":"GSE Int\u00e9gration"},"image":{"@id":"https:\/\/www.gseintegration.com\/en\/#\/schema\/logo\/image\/"}}]}},"_links":{"self":[{"href":"https:\/\/www.gseintegration.com\/en\/wp-json\/wp\/v2\/pages\/46160","targetHints":{"allow":["GET"]}}],"collection":[{"href":"https:\/\/www.gseintegration.com\/en\/wp-json\/wp\/v2\/pages"}],"about":[{"href":"https:\/\/www.gseintegration.com\/en\/wp-json\/wp\/v2\/types\/page"}],"author":[{"embeddable":true,"href":"https:\/\/www.gseintegration.com\/en\/wp-json\/wp\/v2\/users\/1"}],"replies":[{"embeddable":true,"href":"https:\/\/www.gseintegration.com\/en\/wp-json\/wp\/v2\/comments?post=46160"}],"version-history":[{"count":3,"href":"https:\/\/www.gseintegration.com\/en\/wp-json\/wp\/v2\/pages\/46160\/revisions"}],"predecessor-version":[{"id":46163,"href":"https:\/\/www.gseintegration.com\/en\/wp-json\/wp\/v2\/pages\/46160\/revisions\/46163"}],"wp:attachment":[{"href":"https:\/\/www.gseintegration.com\/en\/wp-json\/wp\/v2\/media?parent=46160"}],"curies":[{"name":"wp","href":"https:\/\/api.w.org\/{rel}","templated":true}]}}